{"id":3270,"date":"2021-01-25T10:45:24","date_gmt":"2021-01-25T10:45:24","guid":{"rendered":"http:\/\/darrenc11.sg-host.com\/?page_id=3270"},"modified":"2025-04-23T18:02:52","modified_gmt":"2025-04-23T16:02:52","slug":"leglantine","status":"publish","type":"page","link":"https:\/\/www.lacolombiereduchateau.com\/de\/leglantine\/","title":{"rendered":"L&#8217;Eglantine"},"content":{"rendered":"<div id='layer_slider_1'  class='avia-layerslider main_color avia-shadow  avia-builder-el-0  el_before_av_section  avia-builder-el-first  container_wrap sidebar_right' style='  height: 701px; max-width: 1900px; margin: 0 auto;' ><\/div>\n<div id='av_section_1'  class='avia-section main_color avia-section-default avia-no-border-styling avia-bg-style-scroll  avia-builder-el-1  el_after_av_layerslider  el_before_av_section  section_opening  container_wrap sidebar_right' style=' '  ><div class='container' ><div class='template-page content  av-content-small alpha units'><div class='post-entry post-entry-type-page post-entry-3270'><div class='entry-content-wrapper clearfix'>\n\n<section class=\"av_textblock_section \"  itemscope=\"itemscope\" itemtype=\"https:\/\/schema.org\/CreativeWork\" ><div class='avia_textblock  '   itemprop=\"text\" ><h1 style=\"text-align: center;\">L&#8217;Eglantine<\/h1>\n<div class=\"divider div-transparent div-dot\" style=\"text-align: left;\"><\/div>\n<p style=\"text-align: center;\">Profitieren Sie von unserer Familienwohnung und entdecken Sie diese wundersch\u00f6ne Gegend auf eigene Faust<\/p>\n<\/div><\/section>\n<\/div><\/div><\/div><!-- close content main div --><\/div><\/div><div id='av_section_2'  class='avia-section main_color avia-section-default avia-no-border-styling av-section-color-overlay-active avia-bg-style-scroll  avia-builder-el-4  el_after_av_section  el_before_av_section  half_half room-details  container_wrap sidebar_right' style=' '  ><div class='av-section-color-overlay-wrap'><div class='av-section-color-overlay' style='opacity: 0.5; '><\/div><div class='container' ><div class='template-page content  av-content-small alpha units'><div class='post-entry post-entry-type-page post-entry-3270'><div class='entry-content-wrapper clearfix'>\n<div class='flex_column_table av-equal-height-column-flextable -flextable' ><div class=\"flex_column av_one_half  flex_column_table_cell av-equal-height-column av-align-top av-zero-column-padding first  avia-builder-el-5  el_before_av_one_half  avia-builder-el-first  img-col \" style='background:url(https:\/\/www.lacolombiereduchateau.com\/wp-content\/uploads\/2021\/01\/gite-hallway.jpg) center center no-repeat ; border-radius:0px; '><\/div><div class='av-flex-placeholder'><\/div><div class=\"flex_column av_one_half  flex_column_table_cell av-equal-height-column av-align-top av-zero-column-padding   avia-builder-el-6  el_after_av_one_half  avia-builder-el-last  text-col \" style='border-radius:0px; '><section class=\"av_textblock_section \"  itemscope=\"itemscope\" itemtype=\"https:\/\/schema.org\/CreativeWork\" ><div class='avia_textblock  '   itemprop=\"text\" ><h2 style=\"text-align: center;\">Unsere Ferienwohnung &#8222;\u00c9glantine&#8220;<\/h2>\n<div class=\"divider-1\"><\/div>\n<p>Die Wohnung ist Teil unseres Bauernhauses aus dem 17. Jahrhundert und bietet Platz f\u00fcr bis zu 5 Personen auf zwei Etagen.<br \/>\nSie liegt direkt hinter dem &#8222;Chateau de Saint Laurent&#8220; und nur 2 Autominuten von unserem See entfernt.<br \/>\nIm ersten Stock befinden sich zwei gem\u00fctliche Schlafzimmer sowie ein gemeinsames Bad und WC.<br \/>\nIm Erdgeschoss finden Sie eine gut ausgestattete K\u00fcche mit Geschirrsp\u00fcler, K\u00fchl- und Gefrierschrank sowie einen angrenzenden Waschraum und eine zus\u00e4tzliche Toilette.<\/p>\n<p>Von hier aus gelangen Sie entweder zu Ihrem privaten Garten mit Grill, Essbereich und Liegest\u00fchlen oder zu einem gemeinsamen Innenhof mit eigenem Eingang.<\/p>\n<p><!--<a class=\"button book\" href=\"#\">Book now<\/a>--><\/p>\n<h3 style=\"text-align: center;\">Planen Sie Ihren Aufenthalt<\/h3>\n<div class=\"divider-1\"><\/div>\n\n<\/div><\/section><\/div><\/div><!--close column table wrapper. Autoclose: 1 -->\n<\/p>\n<\/div><\/div><\/div><!-- close content main div --><\/div><\/div><\/div><div id='av_section_3'  class='avia-section main_color avia-section-default avia-no-border-styling avia-bg-style-scroll  avia-builder-el-8  el_after_av_section  el_before_av_section  room-icons  container_wrap sidebar_right' style=' '  ><div class='container' ><div class='template-page content  av-content-small alpha units'><div class='post-entry post-entry-type-page post-entry-3270'><div class='entry-content-wrapper clearfix'>\n\n<\/div><\/div><\/div><!-- close content main div --><\/div><\/div><div id='av_section_4'  class='avia-section main_color avia-section-default avia-no-border-styling avia-bg-style-scroll  avia-builder-el-10  el_after_av_section  el_before_av_codeblock  section_gallery-row  container_wrap sidebar_right' style=' '  ><div class='container' ><div class='template-page content  av-content-small alpha units'><div class='post-entry post-entry-type-page post-entry-3270'><div class='entry-content-wrapper clearfix'>\n<div id='av-masonry-1' class='av-masonry  noHover av-fixed-size av-large-gap av-hover-overlay-grayscale av-masonry-animation- av-masonry-col-5 av-caption-always av-caption-style- av-masonry-gallery     '  ><div class='av-masonry-container isotope av-js-disabled ' ><div class='av-masonry-entry isotope-item av-masonry-item-no-image '><\/div><a href=\"https:\/\/www.lacolombiereduchateau.com\/wp-content\/uploads\/2021\/01\/gite-knob-579x1030.jpg\" id='av-masonry-1-item-2594' data-av-masonry-item='2594' class='av-masonry-entry isotope-item post-2594 attachment type-attachment status-inherit hentry  av-masonry-item-with-image' title=\"gite knob\"  itemprop=\"thumbnailUrl\" ><div class='av-inner-masonry-sizer'><\/div><figure class='av-inner-masonry main_color'><div class=\"av-masonry-outerimage-container\"><div class=\"av-masonry-image-container\" style=\"background-image: url(https:\/\/www.lacolombiereduchateau.com\/wp-content\/uploads\/2021\/01\/gite-knob-397x705.jpg);\" title=\"gite knob\" ><\/div><\/div><\/figure><\/a><!--end av-masonry entry--><a href=\"https:\/\/www.lacolombiereduchateau.com\/wp-content\/uploads\/2021\/01\/gite-hallway-2-579x1030.jpg\" id='av-masonry-1-item-2591' data-av-masonry-item='2591' class='av-masonry-entry isotope-item post-2591 attachment type-attachment status-inherit hentry  av-masonry-item-with-image' title=\"gite hallway 2\"  itemprop=\"thumbnailUrl\" ><div class='av-inner-masonry-sizer'><\/div><figure class='av-inner-masonry main_color'><div class=\"av-masonry-outerimage-container\"><div class=\"av-masonry-image-container\" style=\"background-image: url(https:\/\/www.lacolombiereduchateau.com\/wp-content\/uploads\/2021\/01\/gite-hallway-2-397x705.jpg);\" title=\"gite hallway 2\" ><\/div><\/div><\/figure><\/a><!--end av-masonry entry--><a href=\"https:\/\/www.lacolombiereduchateau.com\/wp-content\/uploads\/2021\/01\/gite-lamp-579x1030.jpg\" id='av-masonry-1-item-2597' data-av-masonry-item='2597' class='av-masonry-entry isotope-item post-2597 attachment type-attachment status-inherit hentry  av-masonry-item-with-image' title=\"gite lamp\"  itemprop=\"thumbnailUrl\" ><div class='av-inner-masonry-sizer'><\/div><figure class='av-inner-masonry main_color'><div class=\"av-masonry-outerimage-container\"><div class=\"av-masonry-image-container\" style=\"background-image: url(https:\/\/www.lacolombiereduchateau.com\/wp-content\/uploads\/2021\/01\/gite-lamp-397x705.jpg);\" title=\"gite lamp\" ><\/div><\/div><\/figure><\/a><!--end av-masonry entry--><a href=\"https:\/\/www.lacolombiereduchateau.com\/wp-content\/uploads\/2021\/01\/IMG_0953-1030x579.jpeg\" id='av-masonry-1-item-2263' data-av-masonry-item='2263' class='av-masonry-entry isotope-item post-2263 attachment type-attachment status-inherit hentry  av-masonry-item-with-image' title=\"IMG_0953\"  itemprop=\"thumbnailUrl\" ><div class='av-inner-masonry-sizer'><\/div><figure class='av-inner-masonry main_color'><div class=\"av-masonry-outerimage-container\"><div class=\"av-masonry-image-container\" style=\"background-image: url(https:\/\/www.lacolombiereduchateau.com\/wp-content\/uploads\/2021\/01\/IMG_0953-705x397.jpeg);\" title=\"IMG_0953\" ><\/div><\/div><\/figure><\/a><!--end av-masonry entry--><a href=\"https:\/\/www.lacolombiereduchateau.com\/wp-content\/uploads\/2021\/01\/gite-bed-detail-1030x579.jpg\" id='av-masonry-1-item-2585' data-av-masonry-item='2585' class='av-masonry-entry isotope-item post-2585 attachment type-attachment status-inherit hentry  av-masonry-item-with-image' title=\"gite bed detail\"  itemprop=\"thumbnailUrl\" ><div class='av-inner-masonry-sizer'><\/div><figure class='av-inner-masonry main_color'><div class=\"av-masonry-outerimage-container\"><div class=\"av-masonry-image-container\" style=\"background-image: url(https:\/\/www.lacolombiereduchateau.com\/wp-content\/uploads\/2021\/01\/gite-bed-detail-705x397.jpg);\" title=\"gite bed detail\" ><\/div><\/div><\/figure><\/a><!--end av-masonry entry--><\/div><\/div>\n<\/div><\/div><\/div><!-- close content main div --><\/div><\/div><div id='after_section_4'  class='main_color av_default_container_wrap container_wrap sidebar_right' style=' '  ><div class='container' ><div class='template-page content  av-content-small alpha units'><div class='post-entry post-entry-type-page post-entry-3270'><div class='entry-content-wrapper clearfix'><\/p>\n\n","protected":false},"excerpt":{"rendered":"","protected":false},"author":8,"featured_media":2263,"parent":0,"menu_order":0,"comment_status":"closed","ping_status":"closed","template":"","meta":{"footnotes":""},"class_list":["post-3270","page","type-page","status-publish","has-post-thumbnail","hentry"],"yoast_head":"<!-- This site is optimized with the Yoast SEO plugin v27.4 - https:\/\/yoast.com\/product\/yoast-seo-wordpress\/ -->\n<title>Gem\u00fctliche Ferienwohnung in der Provence<\/title>\n<meta name=\"description\" content=\"Profitieren Sie von unserer Familienwohnung und entdecken Sie diese wundersch\u00f6ne Gegend auf eigene Faust. Nur 2 Minuten von unserm See.\" \/>\n<meta name=\"robots\" content=\"index, follow, max-snippet:-1, max-image-preview:large, max-video-preview:-1\" \/>\n<link rel=\"canonical\" href=\"https:\/\/www.lacolombiereduchateau.com\/de\/leglantine\/\" \/>\n<meta property=\"og:locale\" content=\"de_DE\" \/>\n<meta property=\"og:type\" content=\"article\" \/>\n<meta property=\"og:title\" content=\"Gem\u00fctliche Ferienwohnung in der Provence\" \/>\n<meta property=\"og:description\" content=\"Profitieren Sie von unserer Familienwohnung und entdecken Sie diese wundersch\u00f6ne Gegend auf eigene Faust. Nur 2 Minuten von unserm See.\" \/>\n<meta property=\"og:url\" content=\"https:\/\/www.lacolombiereduchateau.com\/de\/leglantine\/\" \/>\n<meta property=\"og:site_name\" content=\"La Colombi\u00e8re du Ch\u00e2teau\" \/>\n<meta property=\"article:publisher\" content=\"https:\/\/www.facebook.com\/Lacolombiereduchateau\" \/>\n<meta property=\"article:modified_time\" content=\"2025-04-23T16:02:52+00:00\" \/>\n<meta property=\"og:image\" content=\"https:\/\/www.lacolombiereduchateau.com\/wp-content\/uploads\/2021\/01\/IMG_0953.jpeg\" \/>\n\t<meta property=\"og:image:width\" content=\"1600\" \/>\n\t<meta property=\"og:image:height\" content=\"900\" \/>\n\t<meta property=\"og:image:type\" content=\"image\/jpeg\" \/>\n<meta name=\"twitter:card\" content=\"summary_large_image\" \/>\n<meta name=\"twitter:label1\" content=\"Gesch\u00e4tzte Lesezeit\" \/>\n\t<meta name=\"twitter:data1\" content=\"5\u00a0Minuten\" \/>\n<script type=\"application\/ld+json\" class=\"yoast-schema-graph\">{\"@context\":\"https:\\\/\\\/schema.org\",\"@graph\":[{\"@type\":\"WebPage\",\"@id\":\"https:\\\/\\\/www.lacolombiereduchateau.com\\\/de\\\/leglantine\\\/\",\"url\":\"https:\\\/\\\/www.lacolombiereduchateau.com\\\/de\\\/leglantine\\\/\",\"name\":\"Gem\u00fctliche Ferienwohnung in der Provence\",\"isPartOf\":{\"@id\":\"https:\\\/\\\/www.lacolombiereduchateau.com\\\/#website\"},\"primaryImageOfPage\":{\"@id\":\"https:\\\/\\\/www.lacolombiereduchateau.com\\\/de\\\/leglantine\\\/#primaryimage\"},\"image\":{\"@id\":\"https:\\\/\\\/www.lacolombiereduchateau.com\\\/de\\\/leglantine\\\/#primaryimage\"},\"thumbnailUrl\":\"https:\\\/\\\/www.lacolombiereduchateau.com\\\/wp-content\\\/uploads\\\/2021\\\/01\\\/IMG_0953.jpeg\",\"datePublished\":\"2021-01-25T10:45:24+00:00\",\"dateModified\":\"2025-04-23T16:02:52+00:00\",\"description\":\"Profitieren Sie von unserer Familienwohnung und entdecken Sie diese wundersch\u00f6ne Gegend auf eigene Faust. Nur 2 Minuten von unserm See.\",\"breadcrumb\":{\"@id\":\"https:\\\/\\\/www.lacolombiereduchateau.com\\\/de\\\/leglantine\\\/#breadcrumb\"},\"inLanguage\":\"de\",\"potentialAction\":[{\"@type\":\"ReadAction\",\"target\":[\"https:\\\/\\\/www.lacolombiereduchateau.com\\\/de\\\/leglantine\\\/\"]}]},{\"@type\":\"ImageObject\",\"inLanguage\":\"de\",\"@id\":\"https:\\\/\\\/www.lacolombiereduchateau.com\\\/de\\\/leglantine\\\/#primaryimage\",\"url\":\"https:\\\/\\\/www.lacolombiereduchateau.com\\\/wp-content\\\/uploads\\\/2021\\\/01\\\/IMG_0953.jpeg\",\"contentUrl\":\"https:\\\/\\\/www.lacolombiereduchateau.com\\\/wp-content\\\/uploads\\\/2021\\\/01\\\/IMG_0953.jpeg\",\"width\":1600,\"height\":900},{\"@type\":\"BreadcrumbList\",\"@id\":\"https:\\\/\\\/www.lacolombiereduchateau.com\\\/de\\\/leglantine\\\/#breadcrumb\",\"itemListElement\":[{\"@type\":\"ListItem\",\"position\":1,\"name\":\"Home\",\"item\":\"https:\\\/\\\/www.lacolombiereduchateau.com\\\/de\\\/\"},{\"@type\":\"ListItem\",\"position\":2,\"name\":\"L&#8217;Eglantine\"}]},{\"@type\":\"WebSite\",\"@id\":\"https:\\\/\\\/www.lacolombiereduchateau.com\\\/#website\",\"url\":\"https:\\\/\\\/www.lacolombiereduchateau.com\\\/\",\"name\":\"lacolombiereduchateau.com\",\"description\":\"La Colombi\u00e8re du Ch\u00e2teau\",\"publisher\":{\"@id\":\"https:\\\/\\\/www.lacolombiereduchateau.com\\\/#organization\"},\"potentialAction\":[{\"@type\":\"SearchAction\",\"target\":{\"@type\":\"EntryPoint\",\"urlTemplate\":\"https:\\\/\\\/www.lacolombiereduchateau.com\\\/?s={search_term_string}\"},\"query-input\":{\"@type\":\"PropertyValueSpecification\",\"valueRequired\":true,\"valueName\":\"search_term_string\"}}],\"inLanguage\":\"de\"},{\"@type\":\"Organization\",\"@id\":\"https:\\\/\\\/www.lacolombiereduchateau.com\\\/#organization\",\"name\":\"La Colombi\u00e8re du Chateau\",\"url\":\"https:\\\/\\\/www.lacolombiereduchateau.com\\\/\",\"logo\":{\"@type\":\"ImageObject\",\"inLanguage\":\"de\",\"@id\":\"https:\\\/\\\/www.lacolombiereduchateau.com\\\/#\\\/schema\\\/logo\\\/image\\\/\",\"url\":\"https:\\\/\\\/www.lacolombiereduchateau.com\\\/wp-content\\\/uploads\\\/2021\\\/01\\\/Original.png\",\"contentUrl\":\"https:\\\/\\\/www.lacolombiereduchateau.com\\\/wp-content\\\/uploads\\\/2021\\\/01\\\/Original.png\",\"width\":7500,\"height\":7500,\"caption\":\"La Colombi\u00e8re du Chateau\"},\"image\":{\"@id\":\"https:\\\/\\\/www.lacolombiereduchateau.com\\\/#\\\/schema\\\/logo\\\/image\\\/\"},\"sameAs\":[\"https:\\\/\\\/www.facebook.com\\\/Lacolombiereduchateau\",\"https:\\\/\\\/www.instagram.com\\\/lacolombiereduchateau\\\/\"]}]}<\/script>\n<!-- \/ Yoast SEO plugin. -->","yoast_head_json":{"title":"Gem\u00fctliche Ferienwohnung in der Provence","description":"Profitieren Sie von unserer Familienwohnung und entdecken Sie diese wundersch\u00f6ne Gegend auf eigene Faust. Nur 2 Minuten von unserm See.","robots":{"index":"index","follow":"follow","max-snippet":"max-snippet:-1","max-image-preview":"max-image-preview:large","max-video-preview":"max-video-preview:-1"},"canonical":"https:\/\/www.lacolombiereduchateau.com\/de\/leglantine\/","og_locale":"de_DE","og_type":"article","og_title":"Gem\u00fctliche Ferienwohnung in der Provence","og_description":"Profitieren Sie von unserer Familienwohnung und entdecken Sie diese wundersch\u00f6ne Gegend auf eigene Faust. Nur 2 Minuten von unserm See.","og_url":"https:\/\/www.lacolombiereduchateau.com\/de\/leglantine\/","og_site_name":"La Colombi\u00e8re du Ch\u00e2teau","article_publisher":"https:\/\/www.facebook.com\/Lacolombiereduchateau","article_modified_time":"2025-04-23T16:02:52+00:00","og_image":[{"width":1600,"height":900,"url":"https:\/\/www.lacolombiereduchateau.com\/wp-content\/uploads\/2021\/01\/IMG_0953.jpeg","type":"image\/jpeg"}],"twitter_card":"summary_large_image","twitter_misc":{"Gesch\u00e4tzte Lesezeit":"5\u00a0Minuten"},"schema":{"@context":"https:\/\/schema.org","@graph":[{"@type":"WebPage","@id":"https:\/\/www.lacolombiereduchateau.com\/de\/leglantine\/","url":"https:\/\/www.lacolombiereduchateau.com\/de\/leglantine\/","name":"Gem\u00fctliche Ferienwohnung in der Provence","isPartOf":{"@id":"https:\/\/www.lacolombiereduchateau.com\/#website"},"primaryImageOfPage":{"@id":"https:\/\/www.lacolombiereduchateau.com\/de\/leglantine\/#primaryimage"},"image":{"@id":"https:\/\/www.lacolombiereduchateau.com\/de\/leglantine\/#primaryimage"},"thumbnailUrl":"https:\/\/www.lacolombiereduchateau.com\/wp-content\/uploads\/2021\/01\/IMG_0953.jpeg","datePublished":"2021-01-25T10:45:24+00:00","dateModified":"2025-04-23T16:02:52+00:00","description":"Profitieren Sie von unserer Familienwohnung und entdecken Sie diese wundersch\u00f6ne Gegend auf eigene Faust. Nur 2 Minuten von unserm See.","breadcrumb":{"@id":"https:\/\/www.lacolombiereduchateau.com\/de\/leglantine\/#breadcrumb"},"inLanguage":"de","potentialAction":[{"@type":"ReadAction","target":["https:\/\/www.lacolombiereduchateau.com\/de\/leglantine\/"]}]},{"@type":"ImageObject","inLanguage":"de","@id":"https:\/\/www.lacolombiereduchateau.com\/de\/leglantine\/#primaryimage","url":"https:\/\/www.lacolombiereduchateau.com\/wp-content\/uploads\/2021\/01\/IMG_0953.jpeg","contentUrl":"https:\/\/www.lacolombiereduchateau.com\/wp-content\/uploads\/2021\/01\/IMG_0953.jpeg","width":1600,"height":900},{"@type":"BreadcrumbList","@id":"https:\/\/www.lacolombiereduchateau.com\/de\/leglantine\/#breadcrumb","itemListElement":[{"@type":"ListItem","position":1,"name":"Home","item":"https:\/\/www.lacolombiereduchateau.com\/de\/"},{"@type":"ListItem","position":2,"name":"L&#8217;Eglantine"}]},{"@type":"WebSite","@id":"https:\/\/www.lacolombiereduchateau.com\/#website","url":"https:\/\/www.lacolombiereduchateau.com\/","name":"lacolombiereduchateau.com","description":"La Colombi\u00e8re du Ch\u00e2teau","publisher":{"@id":"https:\/\/www.lacolombiereduchateau.com\/#organization"},"potentialAction":[{"@type":"SearchAction","target":{"@type":"EntryPoint","urlTemplate":"https:\/\/www.lacolombiereduchateau.com\/?s={search_term_string}"},"query-input":{"@type":"PropertyValueSpecification","valueRequired":true,"valueName":"search_term_string"}}],"inLanguage":"de"},{"@type":"Organization","@id":"https:\/\/www.lacolombiereduchateau.com\/#organization","name":"La Colombi\u00e8re du Chateau","url":"https:\/\/www.lacolombiereduchateau.com\/","logo":{"@type":"ImageObject","inLanguage":"de","@id":"https:\/\/www.lacolombiereduchateau.com\/#\/schema\/logo\/image\/","url":"https:\/\/www.lacolombiereduchateau.com\/wp-content\/uploads\/2021\/01\/Original.png","contentUrl":"https:\/\/www.lacolombiereduchateau.com\/wp-content\/uploads\/2021\/01\/Original.png","width":7500,"height":7500,"caption":"La Colombi\u00e8re du Chateau"},"image":{"@id":"https:\/\/www.lacolombiereduchateau.com\/#\/schema\/logo\/image\/"},"sameAs":["https:\/\/www.facebook.com\/Lacolombiereduchateau","https:\/\/www.instagram.com\/lacolombiereduchateau\/"]}]}},"_links":{"self":[{"href":"https:\/\/www.lacolombiereduchateau.com\/de\/wp-json\/wp\/v2\/pages\/3270","targetHints":{"allow":["GET"]}}],"collection":[{"href":"https:\/\/www.lacolombiereduchateau.com\/de\/wp-json\/wp\/v2\/pages"}],"about":[{"href":"https:\/\/www.lacolombiereduchateau.com\/de\/wp-json\/wp\/v2\/types\/page"}],"author":[{"embeddable":true,"href":"https:\/\/www.lacolombiereduchateau.com\/de\/wp-json\/wp\/v2\/users\/8"}],"replies":[{"embeddable":true,"href":"https:\/\/www.lacolombiereduchateau.com\/de\/wp-json\/wp\/v2\/comments?post=3270"}],"version-history":[{"count":15,"href":"https:\/\/www.lacolombiereduchateau.com\/de\/wp-json\/wp\/v2\/pages\/3270\/revisions"}],"predecessor-version":[{"id":3274,"href":"https:\/\/www.lacolombiereduchateau.com\/de\/wp-json\/wp\/v2\/pages\/3270\/revisions\/3274"}],"wp:featuredmedia":[{"embeddable":true,"href":"https:\/\/www.lacolombiereduchateau.com\/de\/wp-json\/wp\/v2\/media\/2263"}],"wp:attachment":[{"href":"https:\/\/www.lacolombiereduchateau.com\/de\/wp-json\/wp\/v2\/media?parent=3270"}],"curies":[{"name":"wp","href":"https:\/\/api.w.org\/{rel}","templated":true}]}}