{"id":3277,"date":"2021-01-25T16:41:22","date_gmt":"2021-01-25T16:41:22","guid":{"rendered":"http:\/\/darrenc11.sg-host.com\/?page_id=3277"},"modified":"2024-08-08T11:52:13","modified_gmt":"2024-08-08T09:52:13","slug":"lolivier","status":"publish","type":"page","link":"https:\/\/www.lacolombiereduchateau.com\/de\/lolivier\/","title":{"rendered":"L&#8217;Olivier"},"content":{"rendered":"<div id='layer_slider_1'  class='avia-layerslider main_color avia-shadow  avia-builder-el-0  el_before_av_section  avia-builder-el-first  container_wrap sidebar_right' style='  height: 701px; max-width: 1900px; margin: 0 auto;' ><\/div>\n<div id='av_section_1'  class='avia-section main_color avia-section-default avia-no-border-styling avia-bg-style-scroll  avia-builder-el-1  el_after_av_layerslider  el_before_av_section  section_opening  container_wrap sidebar_right' style=' '  ><div class='container' ><div class='template-page content  av-content-small alpha units'><div class='post-entry post-entry-type-page post-entry-3277'><div class='entry-content-wrapper clearfix'>\n\n<section class=\"av_textblock_section \"  itemscope=\"itemscope\" itemtype=\"https:\/\/schema.org\/CreativeWork\" ><div class='avia_textblock  '   itemprop=\"text\" ><h1 style=\"text-align: center;\">L&#8217;Olivier<\/h1>\n<p style=\"text-align: center;\">Ger\u00e4umiges Doppelzimmer im ersten Stock mit Zusatzbett<\/p>\n<div class=\"divider div-transparent div-dot\" style=\"text-align: left;\"><\/div>\n<\/div><\/section>\n\n<\/div><\/div><\/div><!-- close content main div --><\/div><\/div><div id='av_section_2'  class='avia-section main_color avia-section-default avia-no-border-styling av-section-color-overlay-active avia-bg-style-scroll  avia-builder-el-4  el_after_av_section  el_before_av_section  half_half room-details  container_wrap sidebar_right' style=' '  ><div class='av-section-color-overlay-wrap'><div class='av-section-color-overlay' style='opacity: 0.5; '><\/div><div class='container' ><div class='template-page content  av-content-small alpha units'><div class='post-entry post-entry-type-page post-entry-3277'><div class='entry-content-wrapper clearfix'>\n<div class='flex_column_table av-equal-height-column-flextable -flextable' ><div class=\"flex_column av_one_half  flex_column_table_cell av-equal-height-column av-align-top av-zero-column-padding first  avia-builder-el-5  el_before_av_one_half  avia-builder-el-first  img-col \" style='background:url(https:\/\/www.lacolombiereduchateau.com\/wp-content\/uploads\/2021\/01\/Olivier-view-3-579x1030.jpg) center center no-repeat ; border-radius:0px; '><\/div><div class='av-flex-placeholder'><\/div><div class=\"flex_column av_one_half  flex_column_table_cell av-equal-height-column av-align-top av-zero-column-padding   avia-builder-el-6  el_after_av_one_half  avia-builder-el-last  text-col \" style='border-radius:0px; '><section class=\"av_textblock_section \"  itemscope=\"itemscope\" itemtype=\"https:\/\/schema.org\/CreativeWork\" ><div class='avia_textblock  '   itemprop=\"text\" ><h2 style=\"text-align: center;\">&#8222;L&#8217;Olivier&#8220;<\/h2>\n<div class=\"divider-1\"><\/div>\n<p>Dieses Zimmer befindet sich im ersten Stock des urspr\u00fcnglichen Teils des Hauses und ist unser gr\u00f6\u00dftes Zimmer. Es ist mit einem Queensize-Bett sowie einem Sofa ausgestattet, das sich in ein sehr bequemes Einzelbett verwandeln l\u00e4sst.<br \/>\nEs ist im traditionellen, aber einfachen antiken Stil dekoriert. Ausgestattet mit einem Sessel, einem Tisch und zwei St\u00fchlen, einer alten Kapit\u00e4ns Kommode, sowie einem zus\u00e4tzlichen H\u00e4ngeschrank.<br \/>\nNat\u00fcrlich finden Sie auch unsere Standardausstattung wie Minibar, kostenlose Tee- \/ Kaffeeecke sowie kostenloses WLAN. Zus\u00e4tzlich zur Toilette, gibt es ein \u00a0separates Badezimmer, welches mit Duschgel, Shampoo und einem Haartrockner ausgestattet sind.<\/p>\n<p>Dieses Zimmer befindet sich im hinteren Teil des Hauses, entfernt vom Schloss, nur wenige Schritte von unserem Loungebereich mit Blick auf die Lavendelfelder und Olivenhaine entfernt.<\/p>\n<p><!--<a class=\"button book\" href=\"#\">Book now<\/a>--><\/p>\n<h3 style=\"text-align: center;\">Planen Sie Ihren Aufenthalt<\/h3>\n<div class=\"divider-1\"><\/div>\n\n<\/div><\/section><\/div><\/div><!--close column table wrapper. Autoclose: 1 -->\n\n<\/div><\/div><\/div><!-- close content main div --><\/div><\/div><\/div><div id='av_section_3'  class='avia-section main_color avia-section-default avia-no-border-styling avia-bg-style-scroll  avia-builder-el-8  el_after_av_section  el_before_av_section  room-icons  container_wrap sidebar_right' style=' '  ><div class='container' ><div class='template-page content  av-content-small alpha units'><div class='post-entry post-entry-type-page post-entry-3277'><div class='entry-content-wrapper clearfix'>\n\n<\/div><\/div><\/div><!-- close content main div --><\/div><\/div><div id='av_section_4'  class='avia-section main_color avia-section-default avia-no-border-styling avia-bg-style-scroll  avia-builder-el-10  el_after_av_section  el_before_av_codeblock  section_gallery-row  container_wrap sidebar_right' style=' '  ><div class='container' ><div class='template-page content  av-content-small alpha units'><div class='post-entry post-entry-type-page post-entry-3277'><div class='entry-content-wrapper clearfix'>\n<div id='av-masonry-1' class='av-masonry  noHover av-fixed-size av-large-gap av-hover-overlay-grayscale av-masonry-animation- av-masonry-col-5 av-caption-always av-caption-style- av-masonry-gallery     '  ><div class='av-masonry-container isotope av-js-disabled ' ><div class='av-masonry-entry isotope-item av-masonry-item-no-image '><\/div><a href=\"https:\/\/www.lacolombiereduchateau.com\/wp-content\/uploads\/2021\/01\/Olivier-view-3-579x1030.jpg\" id='av-masonry-1-item-3030' data-av-masonry-item='3030' class='av-masonry-entry isotope-item post-3030 attachment type-attachment status-inherit hentry  av-masonry-item-with-image' title=\"Olivier view 3\"  itemprop=\"thumbnailUrl\" ><div class='av-inner-masonry-sizer'><\/div><figure class='av-inner-masonry main_color'><div class=\"av-masonry-outerimage-container\"><div class=\"av-masonry-image-container\" style=\"background-image: url(https:\/\/www.lacolombiereduchateau.com\/wp-content\/uploads\/2021\/01\/Olivier-view-3-397x705.jpg);\" title=\"Olivier view 3\" ><\/div><\/div><\/figure><\/a><!--end av-masonry entry--><a href=\"https:\/\/www.lacolombiereduchateau.com\/wp-content\/uploads\/2021\/01\/Olivier-bath3-579x1030.jpg\" id='av-masonry-1-item-3027' data-av-masonry-item='3027' class='av-masonry-entry isotope-item post-3027 attachment type-attachment status-inherit hentry  av-masonry-item-with-image' title=\"Olivier bath3\"  itemprop=\"thumbnailUrl\" ><div class='av-inner-masonry-sizer'><\/div><figure class='av-inner-masonry main_color'><div class=\"av-masonry-outerimage-container\"><div class=\"av-masonry-image-container\" style=\"background-image: url(https:\/\/www.lacolombiereduchateau.com\/wp-content\/uploads\/2021\/01\/Olivier-bath3-397x705.jpg);\" title=\"Olivier bath3\" ><\/div><\/div><\/figure><\/a><!--end av-masonry entry--><a href=\"https:\/\/www.lacolombiereduchateau.com\/wp-content\/uploads\/2021\/01\/coffee-break-1030x579.jpg\" id='av-masonry-1-item-2870' data-av-masonry-item='2870' class='av-masonry-entry isotope-item post-2870 attachment type-attachment status-inherit hentry  av-masonry-item-with-image' title=\"coffee-break\"  itemprop=\"thumbnailUrl\" ><div class='av-inner-masonry-sizer'><\/div><figure class='av-inner-masonry main_color'><div class=\"av-masonry-outerimage-container\"><div class=\"av-masonry-image-container\" style=\"background-image: url(https:\/\/www.lacolombiereduchateau.com\/wp-content\/uploads\/2021\/01\/coffee-break-705x397.jpg);\" title=\"coffee-break\" ><\/div><\/div><\/figure><\/a><!--end av-masonry entry--><a href=\"https:\/\/www.lacolombiereduchateau.com\/wp-content\/uploads\/2020\/12\/Olivier-5-1030x579.jpg\" id='av-masonry-1-item-1656' data-av-masonry-item='1656' class='av-masonry-entry isotope-item post-1656 attachment type-attachment status-inherit hentry  av-masonry-item-with-image' title=\"Olivier 5\"  itemprop=\"thumbnailUrl\" ><div class='av-inner-masonry-sizer'><\/div><figure class='av-inner-masonry main_color'><div class=\"av-masonry-outerimage-container\"><div class=\"av-masonry-image-container\" style=\"background-image: url(https:\/\/www.lacolombiereduchateau.com\/wp-content\/uploads\/2020\/12\/Olivier-5-705x397.jpg);\" title=\"Olivier 5\" ><\/div><\/div><\/figure><\/a><!--end av-masonry entry--><a href=\"https:\/\/www.lacolombiereduchateau.com\/wp-content\/uploads\/2020\/07\/Olivier-5-1_2-1-1-1030x579.jpeg\" id='av-masonry-1-item-1434' data-av-masonry-item='1434' class='av-masonry-entry isotope-item post-1434 attachment type-attachment status-inherit hentry  av-masonry-item-with-image' title=\"Olivier 5-1\"  itemprop=\"thumbnailUrl\" ><div class='av-inner-masonry-sizer'><\/div><figure class='av-inner-masonry main_color'><div class=\"av-masonry-outerimage-container\"><div class=\"av-masonry-image-container\" style=\"background-image: url(https:\/\/www.lacolombiereduchateau.com\/wp-content\/uploads\/2020\/07\/Olivier-5-1_2-1-1-705x397.jpeg);\" title=\"Olivier 5-1\" ><\/div><\/div><\/figure><\/a><!--end av-masonry entry--><\/div><\/div>\n<\/div><\/div><\/div><!-- close content main div --><\/div><\/div><div id='after_section_4'  class='main_color av_default_container_wrap container_wrap sidebar_right' style=' '  ><div class='container' ><div class='template-page content  av-content-small alpha units'><div class='post-entry post-entry-type-page post-entry-3277'><div class='entry-content-wrapper clearfix'><\/p>\n\n","protected":false},"excerpt":{"rendered":"","protected":false},"author":8,"featured_media":1656,"parent":0,"menu_order":0,"comment_status":"closed","ping_status":"closed","template":"","meta":{"footnotes":""},"class_list":["post-3277","page","type-page","status-publish","has-post-thumbnail","hentry"],"yoast_head":"<!-- This site is optimized with the Yoast SEO plugin v27.4 - https:\/\/yoast.com\/product\/yoast-seo-wordpress\/ -->\n<title>Charmante G\u00e4stezimmer in der Provence<\/title>\n<meta name=\"description\" content=\"La Colombiere du Chateau ist ein charmantes B&amp;B im Herzen der Provence, nur wenige Minuten vom Lac St. Croix und den ber\u00fchmten Gorges du Verdon entfernt\" \/>\n<meta name=\"robots\" content=\"index, follow, max-snippet:-1, max-image-preview:large, max-video-preview:-1\" \/>\n<link rel=\"canonical\" href=\"https:\/\/www.lacolombiereduchateau.com\/de\/lolivier\/\" \/>\n<meta property=\"og:locale\" content=\"de_DE\" \/>\n<meta property=\"og:type\" content=\"article\" \/>\n<meta property=\"og:title\" content=\"Charmante G\u00e4stezimmer in der Provence\" \/>\n<meta property=\"og:description\" content=\"La Colombiere du Chateau ist ein charmantes B&amp;B im Herzen der Provence, nur wenige Minuten vom Lac St. Croix und den ber\u00fchmten Gorges du Verdon entfernt\" \/>\n<meta property=\"og:url\" content=\"https:\/\/www.lacolombiereduchateau.com\/de\/lolivier\/\" \/>\n<meta property=\"og:site_name\" content=\"La Colombi\u00e8re du Ch\u00e2teau\" \/>\n<meta property=\"article:publisher\" content=\"https:\/\/www.facebook.com\/Lacolombiereduchateau\" \/>\n<meta property=\"article:modified_time\" content=\"2024-08-08T09:52:13+00:00\" \/>\n<meta property=\"og:image\" content=\"https:\/\/www.lacolombiereduchateau.com\/wp-content\/uploads\/2020\/12\/Olivier-5.jpg\" \/>\n\t<meta property=\"og:image:width\" content=\"1600\" \/>\n\t<meta property=\"og:image:height\" content=\"900\" \/>\n\t<meta property=\"og:image:type\" content=\"image\/jpeg\" \/>\n<meta name=\"twitter:card\" content=\"summary_large_image\" \/>\n<meta name=\"twitter:label1\" content=\"Gesch\u00e4tzte Lesezeit\" \/>\n\t<meta name=\"twitter:data1\" content=\"5\u00a0Minuten\" \/>\n<script type=\"application\/ld+json\" class=\"yoast-schema-graph\">{\"@context\":\"https:\\\/\\\/schema.org\",\"@graph\":[{\"@type\":\"WebPage\",\"@id\":\"https:\\\/\\\/www.lacolombiereduchateau.com\\\/de\\\/lolivier\\\/\",\"url\":\"https:\\\/\\\/www.lacolombiereduchateau.com\\\/de\\\/lolivier\\\/\",\"name\":\"Charmante G\u00e4stezimmer in der Provence\",\"isPartOf\":{\"@id\":\"https:\\\/\\\/www.lacolombiereduchateau.com\\\/#website\"},\"primaryImageOfPage\":{\"@id\":\"https:\\\/\\\/www.lacolombiereduchateau.com\\\/de\\\/lolivier\\\/#primaryimage\"},\"image\":{\"@id\":\"https:\\\/\\\/www.lacolombiereduchateau.com\\\/de\\\/lolivier\\\/#primaryimage\"},\"thumbnailUrl\":\"https:\\\/\\\/www.lacolombiereduchateau.com\\\/wp-content\\\/uploads\\\/2020\\\/12\\\/Olivier-5.jpg\",\"datePublished\":\"2021-01-25T16:41:22+00:00\",\"dateModified\":\"2024-08-08T09:52:13+00:00\",\"description\":\"La Colombiere du Chateau ist ein charmantes B&B im Herzen der Provence, nur wenige Minuten vom Lac St. Croix und den ber\u00fchmten Gorges du Verdon entfernt\",\"breadcrumb\":{\"@id\":\"https:\\\/\\\/www.lacolombiereduchateau.com\\\/de\\\/lolivier\\\/#breadcrumb\"},\"inLanguage\":\"de\",\"potentialAction\":[{\"@type\":\"ReadAction\",\"target\":[\"https:\\\/\\\/www.lacolombiereduchateau.com\\\/de\\\/lolivier\\\/\"]}]},{\"@type\":\"ImageObject\",\"inLanguage\":\"de\",\"@id\":\"https:\\\/\\\/www.lacolombiereduchateau.com\\\/de\\\/lolivier\\\/#primaryimage\",\"url\":\"https:\\\/\\\/www.lacolombiereduchateau.com\\\/wp-content\\\/uploads\\\/2020\\\/12\\\/Olivier-5.jpg\",\"contentUrl\":\"https:\\\/\\\/www.lacolombiereduchateau.com\\\/wp-content\\\/uploads\\\/2020\\\/12\\\/Olivier-5.jpg\",\"width\":1600,\"height\":900,\"caption\":\"L'Olivier\"},{\"@type\":\"BreadcrumbList\",\"@id\":\"https:\\\/\\\/www.lacolombiereduchateau.com\\\/de\\\/lolivier\\\/#breadcrumb\",\"itemListElement\":[{\"@type\":\"ListItem\",\"position\":1,\"name\":\"Home\",\"item\":\"https:\\\/\\\/www.lacolombiereduchateau.com\\\/de\\\/\"},{\"@type\":\"ListItem\",\"position\":2,\"name\":\"L&#8217;Olivier\"}]},{\"@type\":\"WebSite\",\"@id\":\"https:\\\/\\\/www.lacolombiereduchateau.com\\\/#website\",\"url\":\"https:\\\/\\\/www.lacolombiereduchateau.com\\\/\",\"name\":\"lacolombiereduchateau.com\",\"description\":\"La Colombi\u00e8re du Ch\u00e2teau\",\"publisher\":{\"@id\":\"https:\\\/\\\/www.lacolombiereduchateau.com\\\/#organization\"},\"potentialAction\":[{\"@type\":\"SearchAction\",\"target\":{\"@type\":\"EntryPoint\",\"urlTemplate\":\"https:\\\/\\\/www.lacolombiereduchateau.com\\\/?s={search_term_string}\"},\"query-input\":{\"@type\":\"PropertyValueSpecification\",\"valueRequired\":true,\"valueName\":\"search_term_string\"}}],\"inLanguage\":\"de\"},{\"@type\":\"Organization\",\"@id\":\"https:\\\/\\\/www.lacolombiereduchateau.com\\\/#organization\",\"name\":\"La Colombi\u00e8re du Chateau\",\"url\":\"https:\\\/\\\/www.lacolombiereduchateau.com\\\/\",\"logo\":{\"@type\":\"ImageObject\",\"inLanguage\":\"de\",\"@id\":\"https:\\\/\\\/www.lacolombiereduchateau.com\\\/#\\\/schema\\\/logo\\\/image\\\/\",\"url\":\"https:\\\/\\\/www.lacolombiereduchateau.com\\\/wp-content\\\/uploads\\\/2021\\\/01\\\/Original.png\",\"contentUrl\":\"https:\\\/\\\/www.lacolombiereduchateau.com\\\/wp-content\\\/uploads\\\/2021\\\/01\\\/Original.png\",\"width\":7500,\"height\":7500,\"caption\":\"La Colombi\u00e8re du Chateau\"},\"image\":{\"@id\":\"https:\\\/\\\/www.lacolombiereduchateau.com\\\/#\\\/schema\\\/logo\\\/image\\\/\"},\"sameAs\":[\"https:\\\/\\\/www.facebook.com\\\/Lacolombiereduchateau\",\"https:\\\/\\\/www.instagram.com\\\/lacolombiereduchateau\\\/\"]}]}<\/script>\n<!-- \/ Yoast SEO plugin. -->","yoast_head_json":{"title":"Charmante G\u00e4stezimmer in der Provence","description":"La Colombiere du Chateau ist ein charmantes B&B im Herzen der Provence, nur wenige Minuten vom Lac St. Croix und den ber\u00fchmten Gorges du Verdon entfernt","robots":{"index":"index","follow":"follow","max-snippet":"max-snippet:-1","max-image-preview":"max-image-preview:large","max-video-preview":"max-video-preview:-1"},"canonical":"https:\/\/www.lacolombiereduchateau.com\/de\/lolivier\/","og_locale":"de_DE","og_type":"article","og_title":"Charmante G\u00e4stezimmer in der Provence","og_description":"La Colombiere du Chateau ist ein charmantes B&B im Herzen der Provence, nur wenige Minuten vom Lac St. Croix und den ber\u00fchmten Gorges du Verdon entfernt","og_url":"https:\/\/www.lacolombiereduchateau.com\/de\/lolivier\/","og_site_name":"La Colombi\u00e8re du Ch\u00e2teau","article_publisher":"https:\/\/www.facebook.com\/Lacolombiereduchateau","article_modified_time":"2024-08-08T09:52:13+00:00","og_image":[{"width":1600,"height":900,"url":"https:\/\/www.lacolombiereduchateau.com\/wp-content\/uploads\/2020\/12\/Olivier-5.jpg","type":"image\/jpeg"}],"twitter_card":"summary_large_image","twitter_misc":{"Gesch\u00e4tzte Lesezeit":"5\u00a0Minuten"},"schema":{"@context":"https:\/\/schema.org","@graph":[{"@type":"WebPage","@id":"https:\/\/www.lacolombiereduchateau.com\/de\/lolivier\/","url":"https:\/\/www.lacolombiereduchateau.com\/de\/lolivier\/","name":"Charmante G\u00e4stezimmer in der Provence","isPartOf":{"@id":"https:\/\/www.lacolombiereduchateau.com\/#website"},"primaryImageOfPage":{"@id":"https:\/\/www.lacolombiereduchateau.com\/de\/lolivier\/#primaryimage"},"image":{"@id":"https:\/\/www.lacolombiereduchateau.com\/de\/lolivier\/#primaryimage"},"thumbnailUrl":"https:\/\/www.lacolombiereduchateau.com\/wp-content\/uploads\/2020\/12\/Olivier-5.jpg","datePublished":"2021-01-25T16:41:22+00:00","dateModified":"2024-08-08T09:52:13+00:00","description":"La Colombiere du Chateau ist ein charmantes B&B im Herzen der Provence, nur wenige Minuten vom Lac St. Croix und den ber\u00fchmten Gorges du Verdon entfernt","breadcrumb":{"@id":"https:\/\/www.lacolombiereduchateau.com\/de\/lolivier\/#breadcrumb"},"inLanguage":"de","potentialAction":[{"@type":"ReadAction","target":["https:\/\/www.lacolombiereduchateau.com\/de\/lolivier\/"]}]},{"@type":"ImageObject","inLanguage":"de","@id":"https:\/\/www.lacolombiereduchateau.com\/de\/lolivier\/#primaryimage","url":"https:\/\/www.lacolombiereduchateau.com\/wp-content\/uploads\/2020\/12\/Olivier-5.jpg","contentUrl":"https:\/\/www.lacolombiereduchateau.com\/wp-content\/uploads\/2020\/12\/Olivier-5.jpg","width":1600,"height":900,"caption":"L'Olivier"},{"@type":"BreadcrumbList","@id":"https:\/\/www.lacolombiereduchateau.com\/de\/lolivier\/#breadcrumb","itemListElement":[{"@type":"ListItem","position":1,"name":"Home","item":"https:\/\/www.lacolombiereduchateau.com\/de\/"},{"@type":"ListItem","position":2,"name":"L&#8217;Olivier"}]},{"@type":"WebSite","@id":"https:\/\/www.lacolombiereduchateau.com\/#website","url":"https:\/\/www.lacolombiereduchateau.com\/","name":"lacolombiereduchateau.com","description":"La Colombi\u00e8re du Ch\u00e2teau","publisher":{"@id":"https:\/\/www.lacolombiereduchateau.com\/#organization"},"potentialAction":[{"@type":"SearchAction","target":{"@type":"EntryPoint","urlTemplate":"https:\/\/www.lacolombiereduchateau.com\/?s={search_term_string}"},"query-input":{"@type":"PropertyValueSpecification","valueRequired":true,"valueName":"search_term_string"}}],"inLanguage":"de"},{"@type":"Organization","@id":"https:\/\/www.lacolombiereduchateau.com\/#organization","name":"La Colombi\u00e8re du Chateau","url":"https:\/\/www.lacolombiereduchateau.com\/","logo":{"@type":"ImageObject","inLanguage":"de","@id":"https:\/\/www.lacolombiereduchateau.com\/#\/schema\/logo\/image\/","url":"https:\/\/www.lacolombiereduchateau.com\/wp-content\/uploads\/2021\/01\/Original.png","contentUrl":"https:\/\/www.lacolombiereduchateau.com\/wp-content\/uploads\/2021\/01\/Original.png","width":7500,"height":7500,"caption":"La Colombi\u00e8re du Chateau"},"image":{"@id":"https:\/\/www.lacolombiereduchateau.com\/#\/schema\/logo\/image\/"},"sameAs":["https:\/\/www.facebook.com\/Lacolombiereduchateau","https:\/\/www.instagram.com\/lacolombiereduchateau\/"]}]}},"_links":{"self":[{"href":"https:\/\/www.lacolombiereduchateau.com\/de\/wp-json\/wp\/v2\/pages\/3277","targetHints":{"allow":["GET"]}}],"collection":[{"href":"https:\/\/www.lacolombiereduchateau.com\/de\/wp-json\/wp\/v2\/pages"}],"about":[{"href":"https:\/\/www.lacolombiereduchateau.com\/de\/wp-json\/wp\/v2\/types\/page"}],"author":[{"embeddable":true,"href":"https:\/\/www.lacolombiereduchateau.com\/de\/wp-json\/wp\/v2\/users\/8"}],"replies":[{"embeddable":true,"href":"https:\/\/www.lacolombiereduchateau.com\/de\/wp-json\/wp\/v2\/comments?post=3277"}],"version-history":[{"count":15,"href":"https:\/\/www.lacolombiereduchateau.com\/de\/wp-json\/wp\/v2\/pages\/3277\/revisions"}],"predecessor-version":[{"id":3281,"href":"https:\/\/www.lacolombiereduchateau.com\/de\/wp-json\/wp\/v2\/pages\/3277\/revisions\/3281"}],"wp:featuredmedia":[{"embeddable":true,"href":"https:\/\/www.lacolombiereduchateau.com\/de\/wp-json\/wp\/v2\/media\/1656"}],"wp:attachment":[{"href":"https:\/\/www.lacolombiereduchateau.com\/de\/wp-json\/wp\/v2\/media?parent=3277"}],"curies":[{"name":"wp","href":"https:\/\/api.w.org\/{rel}","templated":true}]}}