{"id":3416,"date":"2021-01-28T17:56:29","date_gmt":"2021-01-28T17:56:29","guid":{"rendered":"http:\/\/darrenc11.sg-host.com\/?page_id=3416"},"modified":"2025-05-27T20:58:53","modified_gmt":"2025-05-27T16:58:53","slug":"good-to-know","status":"publish","type":"page","link":"https:\/\/www.lacolombiereduchateau.com\/de\/good-to-know\/","title":{"rendered":"Gut zu wissen"},"content":{"rendered":"<div id='av_section_1'  class='avia-section main_color avia-section-default avia-no-border-styling avia-bg-style-scroll  avia-builder-el-0  el_before_av_section  avia-builder-el-first  section_opening with-boxes  container_wrap sidebar_right' style=' '  ><div class='container' ><main  role=\"main\" itemprop=\"mainContentOfPage\"  class='template-page content  av-content-small alpha units'><div class='post-entry post-entry-type-page post-entry-3416'><div class='entry-content-wrapper clearfix'>\n\n<section class=\"av_textblock_section \"  itemscope=\"itemscope\" itemtype=\"https:\/\/schema.org\/CreativeWork\" ><div class='avia_textblock  '   itemprop=\"text\" ><h1 style=\"text-align: center;\">Essen vor Ort<\/h1>\n<div class=\"divider div-transparent div-dot\"><\/div>\n<p style=\"text-align: center;\">Als lizenzierter &#8222;Table d&#8217;h\u00f4te&#8220; bieten wir unseren G\u00e4sten Fr\u00fchst\u00fcck, Abendessen sowie Picknickk\u00f6rbe an. Zudem verf\u00fcgen wir \u00fcber eine breite Auswahl an alkoholischen sowie alkoholfreien Getr\u00e4nken.<\/p>\n<\/div><\/section>\n\n<div  style='height:50px' class='hr hr-invisible   avia-builder-el-4  el_after_av_codeblock  el_before_av_textblock '><span class='hr-inner ' ><span class='hr-inner-style'><\/span><\/span><\/div>\n<section class=\"av_textblock_section \"  itemscope=\"itemscope\" itemtype=\"https:\/\/schema.org\/CreativeWork\" ><div class='avia_textblock  '   itemprop=\"text\" ><h1 style=\"text-align: center;\">Etwas f\u00fcr jedermann<\/h1>\n<div class=\"divider-1 center\" style=\"text-align: center;\"><\/div>\n<p style=\"text-align: center;\">Im La Colombi\u00e8re du Ch\u00e2teau bieten wir drei Arten von Unterk\u00fcnften an. So k\u00f6nnen Sie w\u00e4hlen, wie Sie Ihre kostbare Urlaubszeit verbringen m\u00f6chten<\/p>\n<\/div><\/section>\n\n\n<\/div><\/div><\/main><!-- close content main element --><\/div><\/div><div id='av_section_2'  class='avia-section main_color avia-section-default avia-no-border-styling av-section-color-overlay-active avia-bg-style-parallax  avia-builder-el-7  el_after_av_section  el_before_av_masonry_gallery  bg-overlay-helper  container_wrap sidebar_right' style=' '  ><div class='av-section-color-overlay-wrap'><div class='av-section-color-overlay' style='opacity: 0.9; background-color: #ffffff; '><\/div><div class='container' ><div class='template-page content  av-content-small alpha units'><div class='post-entry post-entry-type-page post-entry-3416'><div class='entry-content-wrapper clearfix'>\n<section class=\"av_textblock_section \"  itemscope=\"itemscope\" itemtype=\"https:\/\/schema.org\/CreativeWork\" ><div class='avia_textblock  '   itemprop=\"text\" ><h1 style=\"text-align: center;\">Dienstleistungen<\/h1>\n<div class=\"divider div-transparent div-dot\"><\/div>\n<p style=\"text-align: center;\">Es ist doch sch\u00f6n zu wissen, was man erwarten kann<\/p>\n<\/div><\/section>\n\n<div  style='height:50px' class='hr hr-invisible   avia-builder-el-10  el_after_av_codeblock  el_before_av_textblock '><span class='hr-inner ' ><span class='hr-inner-style'><\/span><\/span><\/div>\n<section class=\"av_textblock_section \"  itemscope=\"itemscope\" itemtype=\"https:\/\/schema.org\/CreativeWork\" ><div class='avia_textblock  '   itemprop=\"text\" ><h1 style=\"text-align: center;\">Gratis Dienstleistungen<\/h1>\n<div class=\"divider-1 center\" style=\"text-align: center;\"><\/div>\n<\/div><\/section>\n\n<div id='av-masonry-1' class='av-masonry  noHover av-fixed-size av-large-gap av-hover-overlay-grayscale av-masonry-animation- av-masonry-col-6 av-caption-on-hover av-caption-style-overlay av-masonry-gallery     '  ><div class='av-masonry-container isotope av-js-disabled ' ><div class='av-masonry-entry isotope-item av-masonry-item-no-image '><\/div><a href=\"https:\/\/www.lacolombiereduchateau.com\/wp-content\/uploads\/2020\/07\/IMG_1087-1030x579.jpeg\" id='av-masonry-1-item-1533' data-av-masonry-item='1533' class='av-masonry-entry isotope-item post-1533 attachment type-attachment status-inherit hentry  av-masonry-item-with-image' title=\"IMG_1087\"  itemprop=\"thumbnailUrl\" ><div class='av-inner-masonry-sizer'><\/div><figure class='av-inner-masonry main_color'><div class=\"av-masonry-outerimage-container\"><div class=\"av-masonry-image-container\" style=\"background-image: url(https:\/\/www.lacolombiereduchateau.com\/wp-content\/uploads\/2020\/07\/IMG_1087-705x397.jpeg);\" title=\"IMG_1087\" ><\/div><\/div><figcaption class='av-inner-masonry-content site-background'><div class='av-inner-masonry-content-pos'><div class='av-inner-masonry-content-pos-content'><div class='avia-arrow'><\/div><div class='av-masonry-entry-content entry-content'  itemprop=\"text\" >Lac Saint Croix<\/div><\/div><\/div><\/figcaption><\/figure><\/a><!--end av-masonry entry--><a href=\"https:\/\/www.lacolombiereduchateau.com\/wp-content\/uploads\/2020\/07\/IMG_4887-1-1030x579.jpeg\" id='av-masonry-1-item-1445' data-av-masonry-item='1445' class='av-masonry-entry isotope-item post-1445 attachment type-attachment status-inherit hentry  av-masonry-item-with-image' title=\"IMG_4887 (1)\"  itemprop=\"thumbnailUrl\" ><div class='av-inner-masonry-sizer'><\/div><figure class='av-inner-masonry main_color'><div class=\"av-masonry-outerimage-container\"><div class=\"av-masonry-image-container\" style=\"background-image: url(https:\/\/www.lacolombiereduchateau.com\/wp-content\/uploads\/2020\/07\/IMG_4887-1-705x397.jpeg);\" title=\"IMG_4887 (1)\" ><\/div><\/div><figcaption class='av-inner-masonry-content site-background'><div class='av-inner-masonry-content-pos'><div class='av-inner-masonry-content-pos-content'><div class='avia-arrow'><\/div><div class='av-masonry-entry-content entry-content'  itemprop=\"text\" >Menue<\/div><\/div><\/div><\/figcaption><\/figure><\/a><!--end av-masonry entry--><a href=\"https:\/\/www.lacolombiereduchateau.com\/wp-content\/uploads\/2020\/07\/IMG_0132-1030x579.jpeg\" id='av-masonry-1-item-1457' data-av-masonry-item='1457' class='av-masonry-entry isotope-item post-1457 attachment type-attachment status-inherit hentry  av-masonry-item-with-image' title=\"IMG_0132\"  itemprop=\"thumbnailUrl\" ><div class='av-inner-masonry-sizer'><\/div><figure class='av-inner-masonry main_color'><div class=\"av-masonry-outerimage-container\"><div class=\"av-masonry-image-container\" style=\"background-image: url(https:\/\/www.lacolombiereduchateau.com\/wp-content\/uploads\/2020\/07\/IMG_0132-705x397.jpeg);\" title=\"IMG_0132\" ><\/div><\/div><figcaption class='av-inner-masonry-content site-background'><div class='av-inner-masonry-content-pos'><div class='av-inner-masonry-content-pos-content'><div class='avia-arrow'><\/div><div class='av-masonry-entry-content entry-content'  itemprop=\"text\" >Entspannen<\/div><\/div><\/div><\/figcaption><\/figure><\/a><!--end av-masonry entry--><a href=\"https:\/\/www.lacolombiereduchateau.com\/wp-content\/uploads\/2021\/01\/20200627-DSC01286-1030x579.jpg\" id='av-masonry-1-item-2199' data-av-masonry-item='2199' class='av-masonry-entry isotope-item post-2199 attachment type-attachment status-inherit hentry  av-masonry-item-with-image' title=\"20200627-DSC01286\"  itemprop=\"thumbnailUrl\" ><div class='av-inner-masonry-sizer'><\/div><figure class='av-inner-masonry main_color'><div class=\"av-masonry-outerimage-container\"><div class=\"av-masonry-image-container\" style=\"background-image: url(https:\/\/www.lacolombiereduchateau.com\/wp-content\/uploads\/2021\/01\/20200627-DSC01286-705x396.jpg);\" title=\"20200627-DSC01286\" ><\/div><\/div><figcaption class='av-inner-masonry-content site-background'><div class='av-inner-masonry-content-pos'><div class='av-inner-masonry-content-pos-content'><div class='avia-arrow'><\/div><div class='av-masonry-entry-content entry-content'  itemprop=\"text\" >Ein Tag auf dem MTB<\/div><\/div><\/div><\/figcaption><\/figure><\/a><!--end av-masonry entry--><a href=\"https:\/\/www.lacolombiereduchateau.com\/wp-content\/uploads\/2021\/01\/20150415-IMG_0819-2-1030x579.jpg\" id='av-masonry-1-item-2202' data-av-masonry-item='2202' class='av-masonry-entry isotope-item post-2202 attachment type-attachment status-inherit hentry  av-masonry-item-with-image' title=\"20150415-IMG_0819-2\"  itemprop=\"thumbnailUrl\" ><div class='av-inner-masonry-sizer'><\/div><figure class='av-inner-masonry main_color'><div class=\"av-masonry-outerimage-container\"><div class=\"av-masonry-image-container\" style=\"background-image: url(https:\/\/www.lacolombiereduchateau.com\/wp-content\/uploads\/2021\/01\/20150415-IMG_0819-2-705x397.jpg);\" title=\"20150415-IMG_0819-2\" ><\/div><\/div><figcaption class='av-inner-masonry-content site-background'><div class='av-inner-masonry-content-pos'><div class='av-inner-masonry-content-pos-content'><div class='avia-arrow'><\/div><div class='av-masonry-entry-content entry-content'  itemprop=\"text\" >An unserem See<\/div><\/div><\/div><\/figcaption><\/figure><\/a><!--end av-masonry entry--><a href=\"https:\/\/www.lacolombiereduchateau.com\/wp-content\/uploads\/2021\/01\/IMG_6922-1030x579.jpg\" id='av-masonry-1-item-2196' data-av-masonry-item='2196' class='av-masonry-entry isotope-item post-2196 attachment type-attachment status-inherit hentry  av-masonry-item-with-image' title=\"IMG_6922\"  itemprop=\"thumbnailUrl\" ><div class='av-inner-masonry-sizer'><\/div><figure class='av-inner-masonry main_color'><div class=\"av-masonry-outerimage-container\"><div class=\"av-masonry-image-container\" style=\"background-image: url(https:\/\/www.lacolombiereduchateau.com\/wp-content\/uploads\/2021\/01\/IMG_6922-705x396.jpg);\" title=\"IMG_6922\" ><\/div><\/div><figcaption class='av-inner-masonry-content site-background'><div class='av-inner-masonry-content-pos'><div class='av-inner-masonry-content-pos-content'><div class='avia-arrow'><\/div><div class='av-masonry-entry-content entry-content'  itemprop=\"text\" >Saint Laurent du Verdon<\/div><\/div><\/div><\/figcaption><\/figure><\/a><!--end av-masonry entry--><\/div><\/div><\/p>\n","protected":false},"excerpt":{"rendered":"","protected":false},"author":8,"featured_media":2742,"parent":0,"menu_order":0,"comment_status":"closed","ping_status":"closed","template":"","meta":{"footnotes":""},"class_list":["post-3416","page","type-page","status-publish","has-post-thumbnail","hentry"],"yoast_head":"<!-- This site is optimized with the Yoast SEO plugin v27.4 - https:\/\/yoast.com\/product\/yoast-seo-wordpress\/ -->\n<title>Was muss ich wissen - La Colombi\u00e8re du Ch\u00e2teau<\/title>\n<meta name=\"description\" content=\"Es ist immer angenehm im Voraus zu wissen, was man erwarten kann. F\u00fcr Fragen, die unsere Webseite nicht beantwortet, kontaktieren Sie uns einfach.\" \/>\n<meta name=\"robots\" content=\"index, follow, max-snippet:-1, max-image-preview:large, max-video-preview:-1\" \/>\n<link rel=\"canonical\" href=\"https:\/\/www.lacolombiereduchateau.com\/de\/good-to-know\/\" \/>\n<meta property=\"og:locale\" content=\"de_DE\" \/>\n<meta property=\"og:type\" content=\"article\" \/>\n<meta property=\"og:title\" content=\"Was muss ich wissen - La Colombi\u00e8re du Ch\u00e2teau\" \/>\n<meta property=\"og:description\" content=\"Es ist immer angenehm im Voraus zu wissen, was man erwarten kann. F\u00fcr Fragen, die unsere Webseite nicht beantwortet, kontaktieren Sie uns einfach.\" \/>\n<meta property=\"og:url\" content=\"https:\/\/www.lacolombiereduchateau.com\/de\/good-to-know\/\" \/>\n<meta property=\"og:site_name\" content=\"La Colombi\u00e8re du Ch\u00e2teau\" \/>\n<meta property=\"article:publisher\" content=\"https:\/\/www.facebook.com\/Lacolombiereduchateau\" \/>\n<meta property=\"article:modified_time\" content=\"2025-05-27T16:58:53+00:00\" \/>\n<meta property=\"og:image\" content=\"https:\/\/www.lacolombiereduchateau.com\/wp-content\/uploads\/2021\/01\/restaurant.png\" \/>\n\t<meta property=\"og:image:width\" content=\"1896\" \/>\n\t<meta property=\"og:image:height\" content=\"1895\" \/>\n\t<meta property=\"og:image:type\" content=\"image\/png\" \/>\n<meta name=\"twitter:card\" content=\"summary_large_image\" \/>\n<meta name=\"twitter:label1\" content=\"Gesch\u00e4tzte Lesezeit\" \/>\n\t<meta name=\"twitter:data1\" content=\"9\u00a0Minuten\" \/>\n<script type=\"application\/ld+json\" class=\"yoast-schema-graph\">{\"@context\":\"https:\\\/\\\/schema.org\",\"@graph\":[{\"@type\":\"WebPage\",\"@id\":\"https:\\\/\\\/www.lacolombiereduchateau.com\\\/de\\\/good-to-know\\\/\",\"url\":\"https:\\\/\\\/www.lacolombiereduchateau.com\\\/de\\\/good-to-know\\\/\",\"name\":\"Was muss ich wissen - La Colombi\u00e8re du Ch\u00e2teau\",\"isPartOf\":{\"@id\":\"https:\\\/\\\/www.lacolombiereduchateau.com\\\/#website\"},\"primaryImageOfPage\":{\"@id\":\"https:\\\/\\\/www.lacolombiereduchateau.com\\\/de\\\/good-to-know\\\/#primaryimage\"},\"image\":{\"@id\":\"https:\\\/\\\/www.lacolombiereduchateau.com\\\/de\\\/good-to-know\\\/#primaryimage\"},\"thumbnailUrl\":\"https:\\\/\\\/www.lacolombiereduchateau.com\\\/wp-content\\\/uploads\\\/2021\\\/01\\\/restaurant.png\",\"datePublished\":\"2021-01-28T17:56:29+00:00\",\"dateModified\":\"2025-05-27T16:58:53+00:00\",\"description\":\"Es ist immer angenehm im Voraus zu wissen, was man erwarten kann. F\u00fcr Fragen, die unsere Webseite nicht beantwortet, kontaktieren Sie uns einfach.\",\"breadcrumb\":{\"@id\":\"https:\\\/\\\/www.lacolombiereduchateau.com\\\/de\\\/good-to-know\\\/#breadcrumb\"},\"inLanguage\":\"de\",\"potentialAction\":[{\"@type\":\"ReadAction\",\"target\":[\"https:\\\/\\\/www.lacolombiereduchateau.com\\\/de\\\/good-to-know\\\/\"]}]},{\"@type\":\"ImageObject\",\"inLanguage\":\"de\",\"@id\":\"https:\\\/\\\/www.lacolombiereduchateau.com\\\/de\\\/good-to-know\\\/#primaryimage\",\"url\":\"https:\\\/\\\/www.lacolombiereduchateau.com\\\/wp-content\\\/uploads\\\/2021\\\/01\\\/restaurant.png\",\"contentUrl\":\"https:\\\/\\\/www.lacolombiereduchateau.com\\\/wp-content\\\/uploads\\\/2021\\\/01\\\/restaurant.png\",\"width\":1896,\"height\":1895},{\"@type\":\"BreadcrumbList\",\"@id\":\"https:\\\/\\\/www.lacolombiereduchateau.com\\\/de\\\/good-to-know\\\/#breadcrumb\",\"itemListElement\":[{\"@type\":\"ListItem\",\"position\":1,\"name\":\"Home\",\"item\":\"https:\\\/\\\/www.lacolombiereduchateau.com\\\/de\\\/\"},{\"@type\":\"ListItem\",\"position\":2,\"name\":\"Gut zu wissen\"}]},{\"@type\":\"WebSite\",\"@id\":\"https:\\\/\\\/www.lacolombiereduchateau.com\\\/#website\",\"url\":\"https:\\\/\\\/www.lacolombiereduchateau.com\\\/\",\"name\":\"lacolombiereduchateau.com\",\"description\":\"La Colombi\u00e8re du Ch\u00e2teau\",\"publisher\":{\"@id\":\"https:\\\/\\\/www.lacolombiereduchateau.com\\\/#organization\"},\"potentialAction\":[{\"@type\":\"SearchAction\",\"target\":{\"@type\":\"EntryPoint\",\"urlTemplate\":\"https:\\\/\\\/www.lacolombiereduchateau.com\\\/?s={search_term_string}\"},\"query-input\":{\"@type\":\"PropertyValueSpecification\",\"valueRequired\":true,\"valueName\":\"search_term_string\"}}],\"inLanguage\":\"de\"},{\"@type\":\"Organization\",\"@id\":\"https:\\\/\\\/www.lacolombiereduchateau.com\\\/#organization\",\"name\":\"La Colombi\u00e8re du Chateau\",\"url\":\"https:\\\/\\\/www.lacolombiereduchateau.com\\\/\",\"logo\":{\"@type\":\"ImageObject\",\"inLanguage\":\"de\",\"@id\":\"https:\\\/\\\/www.lacolombiereduchateau.com\\\/#\\\/schema\\\/logo\\\/image\\\/\",\"url\":\"https:\\\/\\\/www.lacolombiereduchateau.com\\\/wp-content\\\/uploads\\\/2021\\\/01\\\/Original.png\",\"contentUrl\":\"https:\\\/\\\/www.lacolombiereduchateau.com\\\/wp-content\\\/uploads\\\/2021\\\/01\\\/Original.png\",\"width\":7500,\"height\":7500,\"caption\":\"La Colombi\u00e8re du Chateau\"},\"image\":{\"@id\":\"https:\\\/\\\/www.lacolombiereduchateau.com\\\/#\\\/schema\\\/logo\\\/image\\\/\"},\"sameAs\":[\"https:\\\/\\\/www.facebook.com\\\/Lacolombiereduchateau\",\"https:\\\/\\\/www.instagram.com\\\/lacolombiereduchateau\\\/\"]}]}<\/script>\n<!-- \/ Yoast SEO plugin. -->","yoast_head_json":{"title":"Was muss ich wissen - La Colombi\u00e8re du Ch\u00e2teau","description":"Es ist immer angenehm im Voraus zu wissen, was man erwarten kann. F\u00fcr Fragen, die unsere Webseite nicht beantwortet, kontaktieren Sie uns einfach.","robots":{"index":"index","follow":"follow","max-snippet":"max-snippet:-1","max-image-preview":"max-image-preview:large","max-video-preview":"max-video-preview:-1"},"canonical":"https:\/\/www.lacolombiereduchateau.com\/de\/good-to-know\/","og_locale":"de_DE","og_type":"article","og_title":"Was muss ich wissen - La Colombi\u00e8re du Ch\u00e2teau","og_description":"Es ist immer angenehm im Voraus zu wissen, was man erwarten kann. F\u00fcr Fragen, die unsere Webseite nicht beantwortet, kontaktieren Sie uns einfach.","og_url":"https:\/\/www.lacolombiereduchateau.com\/de\/good-to-know\/","og_site_name":"La Colombi\u00e8re du Ch\u00e2teau","article_publisher":"https:\/\/www.facebook.com\/Lacolombiereduchateau","article_modified_time":"2025-05-27T16:58:53+00:00","og_image":[{"width":1896,"height":1895,"url":"https:\/\/www.lacolombiereduchateau.com\/wp-content\/uploads\/2021\/01\/restaurant.png","type":"image\/png"}],"twitter_card":"summary_large_image","twitter_misc":{"Gesch\u00e4tzte Lesezeit":"9\u00a0Minuten"},"schema":{"@context":"https:\/\/schema.org","@graph":[{"@type":"WebPage","@id":"https:\/\/www.lacolombiereduchateau.com\/de\/good-to-know\/","url":"https:\/\/www.lacolombiereduchateau.com\/de\/good-to-know\/","name":"Was muss ich wissen - La Colombi\u00e8re du Ch\u00e2teau","isPartOf":{"@id":"https:\/\/www.lacolombiereduchateau.com\/#website"},"primaryImageOfPage":{"@id":"https:\/\/www.lacolombiereduchateau.com\/de\/good-to-know\/#primaryimage"},"image":{"@id":"https:\/\/www.lacolombiereduchateau.com\/de\/good-to-know\/#primaryimage"},"thumbnailUrl":"https:\/\/www.lacolombiereduchateau.com\/wp-content\/uploads\/2021\/01\/restaurant.png","datePublished":"2021-01-28T17:56:29+00:00","dateModified":"2025-05-27T16:58:53+00:00","description":"Es ist immer angenehm im Voraus zu wissen, was man erwarten kann. F\u00fcr Fragen, die unsere Webseite nicht beantwortet, kontaktieren Sie uns einfach.","breadcrumb":{"@id":"https:\/\/www.lacolombiereduchateau.com\/de\/good-to-know\/#breadcrumb"},"inLanguage":"de","potentialAction":[{"@type":"ReadAction","target":["https:\/\/www.lacolombiereduchateau.com\/de\/good-to-know\/"]}]},{"@type":"ImageObject","inLanguage":"de","@id":"https:\/\/www.lacolombiereduchateau.com\/de\/good-to-know\/#primaryimage","url":"https:\/\/www.lacolombiereduchateau.com\/wp-content\/uploads\/2021\/01\/restaurant.png","contentUrl":"https:\/\/www.lacolombiereduchateau.com\/wp-content\/uploads\/2021\/01\/restaurant.png","width":1896,"height":1895},{"@type":"BreadcrumbList","@id":"https:\/\/www.lacolombiereduchateau.com\/de\/good-to-know\/#breadcrumb","itemListElement":[{"@type":"ListItem","position":1,"name":"Home","item":"https:\/\/www.lacolombiereduchateau.com\/de\/"},{"@type":"ListItem","position":2,"name":"Gut zu wissen"}]},{"@type":"WebSite","@id":"https:\/\/www.lacolombiereduchateau.com\/#website","url":"https:\/\/www.lacolombiereduchateau.com\/","name":"lacolombiereduchateau.com","description":"La Colombi\u00e8re du Ch\u00e2teau","publisher":{"@id":"https:\/\/www.lacolombiereduchateau.com\/#organization"},"potentialAction":[{"@type":"SearchAction","target":{"@type":"EntryPoint","urlTemplate":"https:\/\/www.lacolombiereduchateau.com\/?s={search_term_string}"},"query-input":{"@type":"PropertyValueSpecification","valueRequired":true,"valueName":"search_term_string"}}],"inLanguage":"de"},{"@type":"Organization","@id":"https:\/\/www.lacolombiereduchateau.com\/#organization","name":"La Colombi\u00e8re du Chateau","url":"https:\/\/www.lacolombiereduchateau.com\/","logo":{"@type":"ImageObject","inLanguage":"de","@id":"https:\/\/www.lacolombiereduchateau.com\/#\/schema\/logo\/image\/","url":"https:\/\/www.lacolombiereduchateau.com\/wp-content\/uploads\/2021\/01\/Original.png","contentUrl":"https:\/\/www.lacolombiereduchateau.com\/wp-content\/uploads\/2021\/01\/Original.png","width":7500,"height":7500,"caption":"La Colombi\u00e8re du Chateau"},"image":{"@id":"https:\/\/www.lacolombiereduchateau.com\/#\/schema\/logo\/image\/"},"sameAs":["https:\/\/www.facebook.com\/Lacolombiereduchateau","https:\/\/www.instagram.com\/lacolombiereduchateau\/"]}]}},"_links":{"self":[{"href":"https:\/\/www.lacolombiereduchateau.com\/de\/wp-json\/wp\/v2\/pages\/3416","targetHints":{"allow":["GET"]}}],"collection":[{"href":"https:\/\/www.lacolombiereduchateau.com\/de\/wp-json\/wp\/v2\/pages"}],"about":[{"href":"https:\/\/www.lacolombiereduchateau.com\/de\/wp-json\/wp\/v2\/types\/page"}],"author":[{"embeddable":true,"href":"https:\/\/www.lacolombiereduchateau.com\/de\/wp-json\/wp\/v2\/users\/8"}],"replies":[{"embeddable":true,"href":"https:\/\/www.lacolombiereduchateau.com\/de\/wp-json\/wp\/v2\/comments?post=3416"}],"version-history":[{"count":92,"href":"https:\/\/www.lacolombiereduchateau.com\/de\/wp-json\/wp\/v2\/pages\/3416\/revisions"}],"predecessor-version":[{"id":5820,"href":"https:\/\/www.lacolombiereduchateau.com\/de\/wp-json\/wp\/v2\/pages\/3416\/revisions\/5820"}],"wp:featuredmedia":[{"embeddable":true,"href":"https:\/\/www.lacolombiereduchateau.com\/de\/wp-json\/wp\/v2\/media\/2742"}],"wp:attachment":[{"href":"https:\/\/www.lacolombiereduchateau.com\/de\/wp-json\/wp\/v2\/media?parent=3416"}],"curies":[{"name":"wp","href":"https:\/\/api.w.org\/{rel}","templated":true}]}}