{"id":3419,"date":"2021-01-28T17:57:05","date_gmt":"2021-01-28T17:57:05","guid":{"rendered":"http:\/\/darrenc11.sg-host.com\/?page_id=3419"},"modified":"2025-05-27T21:01:15","modified_gmt":"2025-05-27T17:01:15","slug":"good-to-know","status":"publish","type":"page","link":"https:\/\/www.lacolombiereduchateau.com\/fr\/good-to-know\/","title":{"rendered":"Bon \u00e0 savoir"},"content":{"rendered":"<div id='av_section_1'  class='avia-section main_color avia-section-default avia-no-border-styling avia-bg-style-scroll  avia-builder-el-0  el_before_av_section  avia-builder-el-first  section_opening with-boxes  container_wrap sidebar_right' style=' '  ><div class='container' ><main  role=\"main\" itemprop=\"mainContentOfPage\"  class='template-page content  av-content-small alpha units'><div class='post-entry post-entry-type-page post-entry-3419'><div class='entry-content-wrapper clearfix'>\n\n<section class=\"av_textblock_section \"  itemscope=\"itemscope\" itemtype=\"https:\/\/schema.org\/CreativeWork\" ><div class='avia_textblock  '   itemprop=\"text\" ><h1 style=\"text-align: center;\">Manger sur place<\/h1>\n<div class=\"divider div-transparent div-dot\"><\/div>\n<p style=\"text-align: center;\">En tant que \u00abTable d&rsquo;H\u00f4te\u00bb licenci\u00e9e, nous offrons petit-d\u00e9jeuner, d\u00eener et pique-nique \u00e0 nos invit\u00e9s. Nous proposons \u00e9galement une gamme compl\u00e8te de boissons alcoolis\u00e9es et non alcoolis\u00e9es.<\/p>\n<\/div><\/section>\n\n<div  style='height:50px' class='hr hr-invisible   avia-builder-el-4  el_after_av_codeblock  el_before_av_textblock '><span class='hr-inner ' ><span class='hr-inner-style'><\/span><\/span><\/div>\n<section class=\"av_textblock_section \"  itemscope=\"itemscope\" itemtype=\"https:\/\/schema.org\/CreativeWork\" ><div class='avia_textblock  '   itemprop=\"text\" ><h1 style=\"text-align: center;\">Il y en a pour tous<\/h1>\n<div class=\"divider-1 center\" style=\"text-align: center;\"><\/div>\n<p style=\"text-align: center;\">\u00c0 La Colombi\u00e8re du Ch\u00e2teau, nous proposons trois types d&rsquo;h\u00e9bergement. Vous pouvez donc choisir comment vous souhaitez passer votre pr\u00e9cieux temps de vacances<\/p>\n<\/div><\/section>\n\n\n<\/div><\/div><\/main><!-- close content main element --><\/div><\/div><div id='av_section_2'  class='avia-section main_color avia-section-default avia-no-border-styling av-section-color-overlay-active avia-bg-style-parallax  avia-builder-el-7  el_after_av_section  el_before_av_masonry_gallery  bg-overlay-helper  container_wrap sidebar_right' style=' '  ><div class='av-section-color-overlay-wrap'><div class='av-section-color-overlay' style='opacity: 0.9; background-color: #ffffff; '><\/div><div class='container' ><div class='template-page content  av-content-small alpha units'><div class='post-entry post-entry-type-page post-entry-3419'><div class='entry-content-wrapper clearfix'>\n<section class=\"av_textblock_section \"  itemscope=\"itemscope\" itemtype=\"https:\/\/schema.org\/CreativeWork\" ><div class='avia_textblock  '   itemprop=\"text\" ><h1 style=\"text-align: center;\">Nos services<\/h1>\n<div class=\"divider div-transparent div-dot\"><\/div>\n<p style=\"text-align: center;\">Mieux de savoir \u00e0 l&rsquo;avance \u00e0 quoi on peut s&rsquo;attendre<\/p>\n<\/div><\/section>\n\n<div  style='height:50px' class='hr hr-invisible   avia-builder-el-10  el_after_av_codeblock  el_before_av_codeblock '><span class='hr-inner ' ><span class='hr-inner-style'><\/span><\/span><\/div>\n\n<section class=\"av_textblock_section \"  itemscope=\"itemscope\" itemtype=\"https:\/\/schema.org\/CreativeWork\" ><div class='avia_textblock  '   itemprop=\"text\" ><h1 style=\"text-align: center;\">Offert<\/h1>\n<p style=\"text-align: center;\">Oui, c&rsquo;est gratuit \ud83d\ude42<\/p>\n<div class=\"divider-1 center\" style=\"text-align: center;\"><\/div>\n<\/div><\/section>\n<div id='av-masonry-1' class='av-masonry  noHover av-fixed-size av-large-gap av-hover-overlay-grayscale av-masonry-animation- av-masonry-col-6 av-caption-on-hover av-caption-style-overlay av-masonry-gallery     '  ><div class='av-masonry-container isotope av-js-disabled ' ><div class='av-masonry-entry isotope-item av-masonry-item-no-image '><\/div><a href=\"https:\/\/www.lacolombiereduchateau.com\/wp-content\/uploads\/2020\/07\/IMG_1087-1030x579.jpeg\" id='av-masonry-1-item-1532' data-av-masonry-item='1532' class='av-masonry-entry isotope-item post-1532 attachment type-attachment status-inherit hentry  av-masonry-item-with-image' title=\"\"  itemprop=\"thumbnailUrl\" ><div class='av-inner-masonry-sizer'><\/div><figure class='av-inner-masonry main_color'><div class=\"av-masonry-outerimage-container\"><div class=\"av-masonry-image-container\" style=\"background-image: url(https:\/\/www.lacolombiereduchateau.com\/wp-content\/uploads\/2020\/07\/IMG_1087-705x397.jpeg);\"><\/div><\/div><figcaption class='av-inner-masonry-content site-background'><div class='av-inner-masonry-content-pos'><div class='av-inner-masonry-content-pos-content'><div class='avia-arrow'><\/div><div class='av-masonry-entry-content entry-content'  itemprop=\"text\" >Lac Saint Croix<\/div><\/div><\/div><\/figcaption><\/figure><\/a><!--end av-masonry entry--><a href=\"https:\/\/www.lacolombiereduchateau.com\/wp-content\/uploads\/2020\/07\/IMG_4887-1-1030x579.jpeg\" id='av-masonry-1-item-1444' data-av-masonry-item='1444' class='av-masonry-entry isotope-item post-1444 attachment type-attachment status-inherit hentry  av-masonry-item-with-image' title=\"\"  itemprop=\"thumbnailUrl\" ><div class='av-inner-masonry-sizer'><\/div><figure class='av-inner-masonry main_color'><div class=\"av-masonry-outerimage-container\"><div class=\"av-masonry-image-container\" style=\"background-image: url(https:\/\/www.lacolombiereduchateau.com\/wp-content\/uploads\/2020\/07\/IMG_4887-1-705x397.jpeg);\"><\/div><\/div><figcaption class='av-inner-masonry-content site-background'><div class='av-inner-masonry-content-pos'><div class='av-inner-masonry-content-pos-content'><div class='avia-arrow'><\/div><div class='av-masonry-entry-content entry-content'  itemprop=\"text\" >Menu table d'h\u00f4tes<\/div><\/div><\/div><\/figcaption><\/figure><\/a><!--end av-masonry entry--><a href=\"https:\/\/www.lacolombiereduchateau.com\/wp-content\/uploads\/2020\/07\/IMG_0132-1030x579.jpeg\" id='av-masonry-1-item-1456' data-av-masonry-item='1456' class='av-masonry-entry isotope-item post-1456 attachment type-attachment status-inherit hentry  av-masonry-item-with-image' title=\"\"  itemprop=\"thumbnailUrl\" ><div class='av-inner-masonry-sizer'><\/div><figure class='av-inner-masonry main_color'><div class=\"av-masonry-outerimage-container\"><div class=\"av-masonry-image-container\" style=\"background-image: url(https:\/\/www.lacolombiereduchateau.com\/wp-content\/uploads\/2020\/07\/IMG_0132-705x397.jpeg);\"><\/div><\/div><figcaption class='av-inner-masonry-content site-background'><div class='av-inner-masonry-content-pos'><div class='av-inner-masonry-content-pos-content'><div class='avia-arrow'><\/div><div class='av-masonry-entry-content entry-content'  itemprop=\"text\" >\"Jack\" le barman<\/div><\/div><\/div><\/figcaption><\/figure><\/a><!--end av-masonry entry--><a href=\"https:\/\/www.lacolombiereduchateau.com\/wp-content\/uploads\/2021\/01\/20200627-DSC01286-1030x579.jpg\" id='av-masonry-1-item-2198' data-av-masonry-item='2198' class='av-masonry-entry isotope-item post-2198 attachment type-attachment status-inherit hentry  av-masonry-item-with-image' title=\"\"  itemprop=\"thumbnailUrl\" ><div class='av-inner-masonry-sizer'><\/div><figure class='av-inner-masonry main_color'><div class=\"av-masonry-outerimage-container\"><div class=\"av-masonry-image-container\" style=\"background-image: url(https:\/\/www.lacolombiereduchateau.com\/wp-content\/uploads\/2021\/01\/20200627-DSC01286-705x396.jpg);\"><\/div><\/div><figcaption class='av-inner-masonry-content site-background'><div class='av-inner-masonry-content-pos'><div class='av-inner-masonry-content-pos-content'><div class='avia-arrow'><\/div><div class='av-masonry-entry-content entry-content'  itemprop=\"text\" >Une journ\u00e9e en VTT<\/div><\/div><\/div><\/figcaption><\/figure><\/a><!--end av-masonry entry--><a href=\"https:\/\/www.lacolombiereduchateau.com\/wp-content\/uploads\/2021\/01\/20150415-IMG_0819-2-1030x579.jpg\" id='av-masonry-1-item-2201' data-av-masonry-item='2201' class='av-masonry-entry isotope-item post-2201 attachment type-attachment status-inherit hentry  av-masonry-item-with-image' title=\"\"  itemprop=\"thumbnailUrl\" ><div class='av-inner-masonry-sizer'><\/div><figure class='av-inner-masonry main_color'><div class=\"av-masonry-outerimage-container\"><div class=\"av-masonry-image-container\" style=\"background-image: url(https:\/\/www.lacolombiereduchateau.com\/wp-content\/uploads\/2021\/01\/20150415-IMG_0819-2-705x397.jpg);\"><\/div><\/div><figcaption class='av-inner-masonry-content site-background'><div class='av-inner-masonry-content-pos'><div class='av-inner-masonry-content-pos-content'><div class='avia-arrow'><\/div><div class='av-masonry-entry-content entry-content'  itemprop=\"text\" >au bord de notre lac<\/div><\/div><\/div><\/figcaption><\/figure><\/a><!--end av-masonry entry--><a href=\"https:\/\/www.lacolombiereduchateau.com\/wp-content\/uploads\/2021\/01\/IMG_6922-1030x579.jpg\" id='av-masonry-1-item-2195' data-av-masonry-item='2195' class='av-masonry-entry isotope-item post-2195 attachment type-attachment status-inherit hentry  av-masonry-item-with-image' title=\"\"  itemprop=\"thumbnailUrl\" ><div class='av-inner-masonry-sizer'><\/div><figure class='av-inner-masonry main_color'><div class=\"av-masonry-outerimage-container\"><div class=\"av-masonry-image-container\" style=\"background-image: url(https:\/\/www.lacolombiereduchateau.com\/wp-content\/uploads\/2021\/01\/IMG_6922-705x396.jpg);\"><\/div><\/div><figcaption class='av-inner-masonry-content site-background'><div class='av-inner-masonry-content-pos'><div class='av-inner-masonry-content-pos-content'><div class='avia-arrow'><\/div><div class='av-masonry-entry-content entry-content'  itemprop=\"text\" >Saint Laurent du Verdon<\/div><\/div><\/div><\/figcaption><\/figure><\/a><!--end av-masonry entry--><\/div><\/div><\/p>\n","protected":false},"excerpt":{"rendered":"","protected":false},"author":8,"featured_media":2741,"parent":0,"menu_order":0,"comment_status":"closed","ping_status":"closed","template":"","meta":{"footnotes":""},"class_list":["post-3419","page","type-page","status-publish","has-post-thumbnail","hentry"],"yoast_head":"<!-- This site is optimized with the Yoast SEO plugin v27.4 - https:\/\/yoast.com\/product\/yoast-seo-wordpress\/ -->\n<title>En savoir plus sur La Colombi\u00e8re du Ch\u00e2teau<\/title>\n<meta name=\"description\" content=\"Il est toujours agr\u00e9able de savoir \u00e0 quoi s&#039;attendre \u00e0 l&#039;avance. Pour toutes autres questions, contactez-nous.\" \/>\n<meta name=\"robots\" content=\"index, follow, max-snippet:-1, max-image-preview:large, max-video-preview:-1\" \/>\n<link rel=\"canonical\" href=\"https:\/\/www.lacolombiereduchateau.com\/fr\/good-to-know\/\" \/>\n<meta property=\"og:locale\" content=\"fr_FR\" \/>\n<meta property=\"og:type\" content=\"article\" \/>\n<meta property=\"og:title\" content=\"En savoir plus sur La Colombi\u00e8re du Ch\u00e2teau\" \/>\n<meta property=\"og:description\" content=\"Il est toujours agr\u00e9able de savoir \u00e0 quoi s&#039;attendre \u00e0 l&#039;avance. Pour toutes autres questions, contactez-nous.\" \/>\n<meta property=\"og:url\" content=\"https:\/\/www.lacolombiereduchateau.com\/fr\/good-to-know\/\" \/>\n<meta property=\"og:site_name\" content=\"La Colombi\u00e8re du Ch\u00e2teau\" \/>\n<meta property=\"article:publisher\" content=\"https:\/\/www.facebook.com\/Lacolombiereduchateau\" \/>\n<meta property=\"article:modified_time\" content=\"2025-05-27T17:01:15+00:00\" \/>\n<meta property=\"og:image\" content=\"https:\/\/www.lacolombiereduchateau.com\/wp-content\/uploads\/2021\/01\/restaurant.png\" \/>\n\t<meta property=\"og:image:width\" content=\"1896\" \/>\n\t<meta property=\"og:image:height\" content=\"1895\" \/>\n\t<meta property=\"og:image:type\" content=\"image\/png\" \/>\n<meta name=\"twitter:card\" content=\"summary_large_image\" \/>\n<meta name=\"twitter:label1\" content=\"Dur\u00e9e de lecture estim\u00e9e\" \/>\n\t<meta name=\"twitter:data1\" content=\"10 minutes\" \/>\n<script type=\"application\/ld+json\" class=\"yoast-schema-graph\">{\"@context\":\"https:\\\/\\\/schema.org\",\"@graph\":[{\"@type\":\"WebPage\",\"@id\":\"https:\\\/\\\/www.lacolombiereduchateau.com\\\/fr\\\/good-to-know\\\/\",\"url\":\"https:\\\/\\\/www.lacolombiereduchateau.com\\\/fr\\\/good-to-know\\\/\",\"name\":\"En savoir plus sur La Colombi\u00e8re du Ch\u00e2teau\",\"isPartOf\":{\"@id\":\"https:\\\/\\\/www.lacolombiereduchateau.com\\\/#website\"},\"primaryImageOfPage\":{\"@id\":\"https:\\\/\\\/www.lacolombiereduchateau.com\\\/fr\\\/good-to-know\\\/#primaryimage\"},\"image\":{\"@id\":\"https:\\\/\\\/www.lacolombiereduchateau.com\\\/fr\\\/good-to-know\\\/#primaryimage\"},\"thumbnailUrl\":\"https:\\\/\\\/www.lacolombiereduchateau.com\\\/wp-content\\\/uploads\\\/2021\\\/01\\\/restaurant.png\",\"datePublished\":\"2021-01-28T17:57:05+00:00\",\"dateModified\":\"2025-05-27T17:01:15+00:00\",\"description\":\"Il est toujours agr\u00e9able de savoir \u00e0 quoi s'attendre \u00e0 l'avance. Pour toutes autres questions, contactez-nous.\",\"breadcrumb\":{\"@id\":\"https:\\\/\\\/www.lacolombiereduchateau.com\\\/fr\\\/good-to-know\\\/#breadcrumb\"},\"inLanguage\":\"fr-FR\",\"potentialAction\":[{\"@type\":\"ReadAction\",\"target\":[\"https:\\\/\\\/www.lacolombiereduchateau.com\\\/fr\\\/good-to-know\\\/\"]}]},{\"@type\":\"ImageObject\",\"inLanguage\":\"fr-FR\",\"@id\":\"https:\\\/\\\/www.lacolombiereduchateau.com\\\/fr\\\/good-to-know\\\/#primaryimage\",\"url\":\"https:\\\/\\\/www.lacolombiereduchateau.com\\\/wp-content\\\/uploads\\\/2021\\\/01\\\/restaurant.png\",\"contentUrl\":\"https:\\\/\\\/www.lacolombiereduchateau.com\\\/wp-content\\\/uploads\\\/2021\\\/01\\\/restaurant.png\",\"width\":1896,\"height\":1895},{\"@type\":\"BreadcrumbList\",\"@id\":\"https:\\\/\\\/www.lacolombiereduchateau.com\\\/fr\\\/good-to-know\\\/#breadcrumb\",\"itemListElement\":[{\"@type\":\"ListItem\",\"position\":1,\"name\":\"Home\",\"item\":\"https:\\\/\\\/www.lacolombiereduchateau.com\\\/fr\\\/\"},{\"@type\":\"ListItem\",\"position\":2,\"name\":\"Bon \u00e0 savoir\"}]},{\"@type\":\"WebSite\",\"@id\":\"https:\\\/\\\/www.lacolombiereduchateau.com\\\/#website\",\"url\":\"https:\\\/\\\/www.lacolombiereduchateau.com\\\/\",\"name\":\"lacolombiereduchateau.com\",\"description\":\"La Colombi\u00e8re du Ch\u00e2teau\",\"publisher\":{\"@id\":\"https:\\\/\\\/www.lacolombiereduchateau.com\\\/#organization\"},\"potentialAction\":[{\"@type\":\"SearchAction\",\"target\":{\"@type\":\"EntryPoint\",\"urlTemplate\":\"https:\\\/\\\/www.lacolombiereduchateau.com\\\/?s={search_term_string}\"},\"query-input\":{\"@type\":\"PropertyValueSpecification\",\"valueRequired\":true,\"valueName\":\"search_term_string\"}}],\"inLanguage\":\"fr-FR\"},{\"@type\":\"Organization\",\"@id\":\"https:\\\/\\\/www.lacolombiereduchateau.com\\\/#organization\",\"name\":\"La Colombi\u00e8re du Chateau\",\"url\":\"https:\\\/\\\/www.lacolombiereduchateau.com\\\/\",\"logo\":{\"@type\":\"ImageObject\",\"inLanguage\":\"fr-FR\",\"@id\":\"https:\\\/\\\/www.lacolombiereduchateau.com\\\/#\\\/schema\\\/logo\\\/image\\\/\",\"url\":\"https:\\\/\\\/www.lacolombiereduchateau.com\\\/wp-content\\\/uploads\\\/2021\\\/01\\\/Original.png\",\"contentUrl\":\"https:\\\/\\\/www.lacolombiereduchateau.com\\\/wp-content\\\/uploads\\\/2021\\\/01\\\/Original.png\",\"width\":7500,\"height\":7500,\"caption\":\"La Colombi\u00e8re du Chateau\"},\"image\":{\"@id\":\"https:\\\/\\\/www.lacolombiereduchateau.com\\\/#\\\/schema\\\/logo\\\/image\\\/\"},\"sameAs\":[\"https:\\\/\\\/www.facebook.com\\\/Lacolombiereduchateau\",\"https:\\\/\\\/www.instagram.com\\\/lacolombiereduchateau\\\/\"]}]}<\/script>\n<!-- \/ Yoast SEO plugin. -->","yoast_head_json":{"title":"En savoir plus sur La Colombi\u00e8re du Ch\u00e2teau","description":"Il est toujours agr\u00e9able de savoir \u00e0 quoi s'attendre \u00e0 l'avance. Pour toutes autres questions, contactez-nous.","robots":{"index":"index","follow":"follow","max-snippet":"max-snippet:-1","max-image-preview":"max-image-preview:large","max-video-preview":"max-video-preview:-1"},"canonical":"https:\/\/www.lacolombiereduchateau.com\/fr\/good-to-know\/","og_locale":"fr_FR","og_type":"article","og_title":"En savoir plus sur La Colombi\u00e8re du Ch\u00e2teau","og_description":"Il est toujours agr\u00e9able de savoir \u00e0 quoi s'attendre \u00e0 l'avance. Pour toutes autres questions, contactez-nous.","og_url":"https:\/\/www.lacolombiereduchateau.com\/fr\/good-to-know\/","og_site_name":"La Colombi\u00e8re du Ch\u00e2teau","article_publisher":"https:\/\/www.facebook.com\/Lacolombiereduchateau","article_modified_time":"2025-05-27T17:01:15+00:00","og_image":[{"width":1896,"height":1895,"url":"https:\/\/www.lacolombiereduchateau.com\/wp-content\/uploads\/2021\/01\/restaurant.png","type":"image\/png"}],"twitter_card":"summary_large_image","twitter_misc":{"Dur\u00e9e de lecture estim\u00e9e":"10 minutes"},"schema":{"@context":"https:\/\/schema.org","@graph":[{"@type":"WebPage","@id":"https:\/\/www.lacolombiereduchateau.com\/fr\/good-to-know\/","url":"https:\/\/www.lacolombiereduchateau.com\/fr\/good-to-know\/","name":"En savoir plus sur La Colombi\u00e8re du Ch\u00e2teau","isPartOf":{"@id":"https:\/\/www.lacolombiereduchateau.com\/#website"},"primaryImageOfPage":{"@id":"https:\/\/www.lacolombiereduchateau.com\/fr\/good-to-know\/#primaryimage"},"image":{"@id":"https:\/\/www.lacolombiereduchateau.com\/fr\/good-to-know\/#primaryimage"},"thumbnailUrl":"https:\/\/www.lacolombiereduchateau.com\/wp-content\/uploads\/2021\/01\/restaurant.png","datePublished":"2021-01-28T17:57:05+00:00","dateModified":"2025-05-27T17:01:15+00:00","description":"Il est toujours agr\u00e9able de savoir \u00e0 quoi s'attendre \u00e0 l'avance. Pour toutes autres questions, contactez-nous.","breadcrumb":{"@id":"https:\/\/www.lacolombiereduchateau.com\/fr\/good-to-know\/#breadcrumb"},"inLanguage":"fr-FR","potentialAction":[{"@type":"ReadAction","target":["https:\/\/www.lacolombiereduchateau.com\/fr\/good-to-know\/"]}]},{"@type":"ImageObject","inLanguage":"fr-FR","@id":"https:\/\/www.lacolombiereduchateau.com\/fr\/good-to-know\/#primaryimage","url":"https:\/\/www.lacolombiereduchateau.com\/wp-content\/uploads\/2021\/01\/restaurant.png","contentUrl":"https:\/\/www.lacolombiereduchateau.com\/wp-content\/uploads\/2021\/01\/restaurant.png","width":1896,"height":1895},{"@type":"BreadcrumbList","@id":"https:\/\/www.lacolombiereduchateau.com\/fr\/good-to-know\/#breadcrumb","itemListElement":[{"@type":"ListItem","position":1,"name":"Home","item":"https:\/\/www.lacolombiereduchateau.com\/fr\/"},{"@type":"ListItem","position":2,"name":"Bon \u00e0 savoir"}]},{"@type":"WebSite","@id":"https:\/\/www.lacolombiereduchateau.com\/#website","url":"https:\/\/www.lacolombiereduchateau.com\/","name":"lacolombiereduchateau.com","description":"La Colombi\u00e8re du Ch\u00e2teau","publisher":{"@id":"https:\/\/www.lacolombiereduchateau.com\/#organization"},"potentialAction":[{"@type":"SearchAction","target":{"@type":"EntryPoint","urlTemplate":"https:\/\/www.lacolombiereduchateau.com\/?s={search_term_string}"},"query-input":{"@type":"PropertyValueSpecification","valueRequired":true,"valueName":"search_term_string"}}],"inLanguage":"fr-FR"},{"@type":"Organization","@id":"https:\/\/www.lacolombiereduchateau.com\/#organization","name":"La Colombi\u00e8re du Chateau","url":"https:\/\/www.lacolombiereduchateau.com\/","logo":{"@type":"ImageObject","inLanguage":"fr-FR","@id":"https:\/\/www.lacolombiereduchateau.com\/#\/schema\/logo\/image\/","url":"https:\/\/www.lacolombiereduchateau.com\/wp-content\/uploads\/2021\/01\/Original.png","contentUrl":"https:\/\/www.lacolombiereduchateau.com\/wp-content\/uploads\/2021\/01\/Original.png","width":7500,"height":7500,"caption":"La Colombi\u00e8re du Chateau"},"image":{"@id":"https:\/\/www.lacolombiereduchateau.com\/#\/schema\/logo\/image\/"},"sameAs":["https:\/\/www.facebook.com\/Lacolombiereduchateau","https:\/\/www.instagram.com\/lacolombiereduchateau\/"]}]}},"_links":{"self":[{"href":"https:\/\/www.lacolombiereduchateau.com\/fr\/wp-json\/wp\/v2\/pages\/3419","targetHints":{"allow":["GET"]}}],"collection":[{"href":"https:\/\/www.lacolombiereduchateau.com\/fr\/wp-json\/wp\/v2\/pages"}],"about":[{"href":"https:\/\/www.lacolombiereduchateau.com\/fr\/wp-json\/wp\/v2\/types\/page"}],"author":[{"embeddable":true,"href":"https:\/\/www.lacolombiereduchateau.com\/fr\/wp-json\/wp\/v2\/users\/8"}],"replies":[{"embeddable":true,"href":"https:\/\/www.lacolombiereduchateau.com\/fr\/wp-json\/wp\/v2\/comments?post=3419"}],"version-history":[{"count":94,"href":"https:\/\/www.lacolombiereduchateau.com\/fr\/wp-json\/wp\/v2\/pages\/3419\/revisions"}],"predecessor-version":[{"id":5825,"href":"https:\/\/www.lacolombiereduchateau.com\/fr\/wp-json\/wp\/v2\/pages\/3419\/revisions\/5825"}],"wp:featuredmedia":[{"embeddable":true,"href":"https:\/\/www.lacolombiereduchateau.com\/fr\/wp-json\/wp\/v2\/media\/2741"}],"wp:attachment":[{"href":"https:\/\/www.lacolombiereduchateau.com\/fr\/wp-json\/wp\/v2\/media?parent=3419"}],"curies":[{"name":"wp","href":"https:\/\/api.w.org\/{rel}","templated":true}]}}